{"id":3714,"date":"2023-10-03T08:24:23","date_gmt":"2023-10-03T08:24:23","guid":{"rendered":"https:\/\/www.aikikai.ch\/news"},"modified":"2024-08-15T13:38:13","modified_gmt":"2024-08-15T13:38:13","slug":"news","status":"publish","type":"page","link":"https:\/\/www.aikikai.ch\/fr\/news","title":{"rendered":"News"},"content":{"rendered":"<p><span><img decoding=\"async\" alt=\"\" data-id=\"764\" width=\"1000\" data-init-width=\"1000\" height=\"245\" data-init-height=\"245\" title=\"header_mobile2\" loading=\"lazy\" src=\"https:\/\/acsa.ch\/wp-content\/uploads\/2023\/10\/header_mobile2.png\" data-width=\"1000\" data-height=\"245\" style=\"aspect-ratio: auto 1000 \/ 245;\"><\/span><span><a href=\"https:\/\/acsa.ch\/\"><img decoding=\"async\" alt=\"\" data-id=\"64\" width=\"129\" data-init-width=\"280\" height=\"129\" data-init-height=\"280\" title=\"logoHD\" loading=\"lazy\" src=\"https:\/\/acsa.ch\/wp-content\/uploads\/2023\/06\/logoHD.png\" data-width=\"129\" data-height=\"129\" style=\"aspect-ratio: auto 280 \/ 280;\" data-link-wrap=\"true\"><\/a><\/span><\/p>\n<p style=\"\"><span style=\"--tcb-applied-color: var$(--tcb-color-0) !important; color: var(--tcb-color-0) !important;\">AIKIKAI SCHWEIZ<\/span><span style=\"--tcb-applied-color: var$(--tcb-color-0) !important; color: var(--tcb-color-0) !important;\">ACSA<\/span><strong><span style=\"font-size: 24px !important; --tcb-applied-color: var$(--tcb-color-4) !important; color: var(--tcb-color-4) !important;\">&nbsp; &nbsp; &nbsp; &nbsp; &nbsp; &nbsp; &nbsp; &nbsp; &nbsp; &nbsp; &nbsp; &nbsp; &nbsp; &nbsp; &nbsp; &nbsp; &nbsp;Kulturelle Vereinigung der Schweiz f\u00fcr Aikido<\/span><\/strong><\/p>\n<h2 style=\"text-align: left;\"><strong>NEWS<\/strong><\/h2>\n<p><span><img decoding=\"async\" alt=\"\" data-id=\"520\" width=\"38\" data-init-width=\"512\" height=\"38\" data-init-height=\"512\" title=\"deutschland\" loading=\"lazy\" src=\"https:\/\/acsa.ch\/wp-content\/uploads\/2023\/08\/deutschland.png\" data-width=\"38\" data-height=\"38\" style=\"aspect-ratio: auto 512 \/ 512;\"><\/span><span>Search for:<\/span><span style=\"display: none;background-image:url(https:\/\/www.aikikai.ch\/wp-content\/plugins\/add-search-to-menu\/public\/images\/spinner.gif);\" ><\/span><span>Search Button<\/span><span><\/span><\/p>\n<h2><strong>News<\/strong><\/h2>\n<h2><strong>News<\/strong><\/h2>\n<p><a href=\"https:\/\/www.aikikai.ch\/fr\/30-ans-daikido-slovaquie-celebration\" data-type-url=\"post_url\" data-type-display=\"default_image\" data-size=\"medium\" data-post_id=\"3723\" data-title=\"post_title\" data-shortcode=\"tcb_post_featured_image\"><img width=\"300\" height=\"115\" src=\"https:\/\/www.aikikai.ch\/wp-content\/uploads\/2024\/06\/30_Jahre_Slowakei_1-300x115.png\" alt=\"\" decoding=\"async\" loading=\"lazy\" srcset=\"https:\/\/www.aikikai.ch\/wp-content\/uploads\/2024\/06\/30_Jahre_Slowakei_1-300x115.png 300w, https:\/\/www.aikikai.ch\/wp-content\/uploads\/2024\/06\/30_Jahre_Slowakei_1-200x76.png 200w, https:\/\/www.aikikai.ch\/wp-content\/uploads\/2024\/06\/30_Jahre_Slowakei_1.png 649w\" sizes=\"auto, (max-width: 300px) 100vw, 300px\" \/><\/a><\/p>\n<p><span data-attr-link=\"1\" data-attr-rel=\"0\" data-attr-target=\"0\" data-extra_key=\"\" data-option-inline=\"1\" data-shortcode=\"tcb_post_categories\" data-shortcode-name=\"List of Categories\" data-attr-static-link=\"{&quot;className&quot;:&quot;&quot;,&quot;href&quot;:&quot;https:\/\/www.aikikai.ch\/fr\/category\/actualites&quot;,&quot;title&quot;:&quot;Actualit\u00e9s&quot;,&quot;data-css&quot;:&quot;tve-u-18bd22d92e0&quot;,&quot;class&quot;:&quot;&quot;}\" data-attr-css=\"tve-u-18bd22d92e0\"><a href=\"https:\/\/www.aikikai.ch\/fr\/category\/actualites\" title=\"Actualit\u00e9s\">Actualit\u00e9s<\/a><\/span> <\/p>\n<h2 style=\"\"><span data-attr-link=\"0\" data-attr-rel=\"0\" data-attr-target=\"0\" data-extra_key=\"\" data-option-inline=\"1\" data-shortcode=\"tcb_post_title\" data-shortcode-name=\"Post title\" style=\"\">30 ans d&#8217;Aikido Slovaquie C\u00e9l\u00e9bration<\/span> <\/h2>\n<p>Il y a environ deux semaines, Catalina a eu l&#8217;honneur de repr\u00e9senter <a href=\"https:\/\/www.aikikai.ch\/fr\/30-ans-daikido-slovaquie-celebration#more-3723\"><\/a><\/p>\n<p><a href=\"https:\/\/www.aikikai.ch\/fr\/30-ans-daikido-slovaquie-celebration\" style=\"\"><span style=\"\"><span style=\"\">Lire plus<\/span><\/span><\/a><a href=\"https:\/\/www.aikikai.ch\/fr\/seminaire-umbrella-2025\" data-type-url=\"post_url\" data-type-display=\"default_image\" data-size=\"medium\" data-post_id=\"3729\" data-title=\"post_title\" data-shortcode=\"tcb_post_featured_image\"><img width=\"239\" height=\"300\" src=\"https:\/\/www.aikikai.ch\/wp-content\/uploads\/2024\/06\/Hombu-Dojo-cho-Waka-Sensei-Mitsuteru-Ueshiba-1-239x300.png\" alt=\"\" decoding=\"async\" loading=\"lazy\" srcset=\"https:\/\/www.aikikai.ch\/wp-content\/uploads\/2024\/06\/Hombu-Dojo-cho-Waka-Sensei-Mitsuteru-Ueshiba-1-239x300.png 239w, https:\/\/www.aikikai.ch\/wp-content\/uploads\/2024\/06\/Hombu-Dojo-cho-Waka-Sensei-Mitsuteru-Ueshiba-1-200x251.png 200w, https:\/\/www.aikikai.ch\/wp-content\/uploads\/2024\/06\/Hombu-Dojo-cho-Waka-Sensei-Mitsuteru-Ueshiba-1.png 241w\" sizes=\"auto, (max-width: 239px) 100vw, 239px\" \/><\/a><\/p>\n<p><span data-attr-link=\"1\" data-attr-rel=\"0\" data-attr-target=\"0\" data-extra_key=\"\" data-option-inline=\"1\" data-shortcode=\"tcb_post_categories\" data-shortcode-name=\"List of Categories\" data-attr-static-link=\"{&quot;className&quot;:&quot;&quot;,&quot;href&quot;:&quot;https:\/\/www.aikikai.ch\/fr\/category\/actualites&quot;,&quot;title&quot;:&quot;Actualit\u00e9s&quot;,&quot;data-css&quot;:&quot;tve-u-18bd22d92e0&quot;,&quot;class&quot;:&quot;&quot;}\" data-attr-css=\"tve-u-18bd22d92e0\"><a href=\"https:\/\/www.aikikai.ch\/fr\/category\/actualites\" title=\"Actualit\u00e9s\">Actualit\u00e9s<\/a><\/span> <\/p>\n<h2 style=\"\"><span data-attr-link=\"0\" data-attr-rel=\"0\" data-attr-target=\"0\" data-extra_key=\"\" data-option-inline=\"1\" data-shortcode=\"tcb_post_title\" data-shortcode-name=\"Post title\" style=\"\">S\u00e9minaire Umbrella 2025<\/span> <\/h2>\n<p>Lors de l&#8217;assembl\u00e9e des d\u00e9l\u00e9gu\u00e9s 2024, la proposition d&#8217;organiser le s\u00e9minaire Umbrella <a href=\"https:\/\/www.aikikai.ch\/fr\/seminaire-umbrella-2025#more-3729\"><\/a><\/p>\n<p><a href=\"https:\/\/www.aikikai.ch\/fr\/seminaire-umbrella-2025\" style=\"\"><span style=\"\"><span style=\"\">Lire plus<\/span><\/span><\/a><a href=\"https:\/\/www.aikikai.ch\/fr\/ecole-dete-de-lacsa-a-saignelegier\" data-type-url=\"post_url\" data-type-display=\"default_image\" data-size=\"medium\" data-post_id=\"3731\" data-title=\"post_title\" data-shortcode=\"tcb_post_featured_image\"><img width=\"300\" height=\"178\" src=\"https:\/\/www.aikikai.ch\/wp-content\/uploads\/2024\/05\/Summerschool_2024-1-300x178.png\" alt=\"\" decoding=\"async\" loading=\"lazy\" srcset=\"https:\/\/www.aikikai.ch\/wp-content\/uploads\/2024\/05\/Summerschool_2024-1-300x178.png 300w, https:\/\/www.aikikai.ch\/wp-content\/uploads\/2024\/05\/Summerschool_2024-1-1024x606.png 1024w, https:\/\/www.aikikai.ch\/wp-content\/uploads\/2024\/05\/Summerschool_2024-1-768x455.png 768w, https:\/\/www.aikikai.ch\/wp-content\/uploads\/2024\/05\/Summerschool_2024-1-200x118.png 200w, https:\/\/www.aikikai.ch\/wp-content\/uploads\/2024\/05\/Summerschool_2024-1.png 1110w\" sizes=\"auto, (max-width: 300px) 100vw, 300px\" \/><\/a><\/p>\n<p><span data-attr-link=\"1\" data-attr-rel=\"0\" data-attr-target=\"0\" data-extra_key=\"\" data-option-inline=\"1\" data-shortcode=\"tcb_post_categories\" data-shortcode-name=\"List of Categories\" data-attr-static-link=\"{&quot;className&quot;:&quot;&quot;,&quot;href&quot;:&quot;https:\/\/www.aikikai.ch\/fr\/category\/actualites&quot;,&quot;title&quot;:&quot;Actualit\u00e9s&quot;,&quot;data-css&quot;:&quot;tve-u-18bd22d92e0&quot;,&quot;class&quot;:&quot;&quot;}\" data-attr-css=\"tve-u-18bd22d92e0\"><a href=\"https:\/\/www.aikikai.ch\/fr\/category\/actualites\" title=\"Actualit\u00e9s\">Actualit\u00e9s<\/a><\/span> <\/p>\n<h2 style=\"\"><span data-attr-link=\"0\" data-attr-rel=\"0\" data-attr-target=\"0\" data-extra_key=\"\" data-option-inline=\"1\" data-shortcode=\"tcb_post_title\" data-shortcode-name=\"Post title\" style=\"\">\u00c9cole d&#8217;\u00e9t\u00e9 de l&#8217;ACSA \u00e0 Saignelegier<\/span> <\/h2>\n<p>La Summerschool est un lieu de rencontre et d&#8217;\u00e9change :Entre g\u00e9n\u00e9rations \/ <a href=\"https:\/\/www.aikikai.ch\/fr\/ecole-dete-de-lacsa-a-saignelegier#more-3731\"><\/a><\/p>\n<p><a href=\"https:\/\/www.aikikai.ch\/fr\/ecole-dete-de-lacsa-a-saignelegier\" style=\"\"><span style=\"\"><span style=\"\">Lire plus<\/span><\/span><\/a><\/p>\n<p><span><img decoding=\"async\" alt=\"\" data-id=\"64\" data-init-width=\"280\" data-init-height=\"280\" title=\"logoHD\" loading=\"lazy\" src=\"https:\/\/acsa.ch\/wp-content\/uploads\/2023\/06\/logoHD.png\" data-width=\"100\" style=\"aspect-ratio: auto 280 \/ 280;\" width=\"100\" height=\"100\" data-height=\"100\"><\/span><\/p>\n<p style=\"text-align: center; color: var(--tcb-color-6) !important; --tcb-applied-color: var$(--tcb-color-6) !important;\">ACSA Central OfficeCH-8307 <span style=\"--tcb-applied-color: var$(--tcb-color-6) !important;\">Effretikon<\/span>Tel. +41 79 414 83 47<\/p>\n<h4 style=\"text-align: center;\">Folge Uns<\/h4>\n<p><a href=\"#\" target=\"_blank\" rel=\"nofollow noopener\" data-id=\"icon-facebook\"><span>                     <\/span><\/a><a href=\"#\" target=\"_blank\" rel=\"nofollow noopener\" data-id=\"icon-instagram\"><span>                     <\/span><\/a><a href=\"#\" target=\"_blank\" rel=\"nofollow noopener\" data-dynamic-link=\"thrive_author_url\" data-shortcode-id=\"0\" data-id=\"icon-link\"><span> <!--! Font Awesome Pro 6.1.1 by @fontawesome - https:\/\/fontawesome.com License - https:\/\/fontawesome.com\/license (Commercial License) Copyright 2022 Fonticons, Inc. --><\/span><\/a><\/p>\n<p style=\"text-align: center;\">Copyright 2023 \u00a9 CKMP<\/p>\n","protected":false},"excerpt":{"rendered":"<p>AIKIKAI SCHWEIZACSA&nbsp; &nbsp; &nbsp; &nbsp; &nbsp; &nbsp; &nbsp; &nbsp; &nbsp; &nbsp; &nbsp; &nbsp; &nbsp; &nbsp; &nbsp; &nbsp; &nbsp;Kulturelle Vereinigung der Schweiz f\u00fcr Aikido NEWS Search for:Search Button News News Actualit\u00e9s 30 ans d&#8217;Aikido Slovaquie C\u00e9l\u00e9bration Il y a environ deux semaines, Catalina a eu l&#8217;honneur de repr\u00e9senter Lire plus Actualit\u00e9s S\u00e9minaire Umbrella 2025 Lors de l&#8217;assembl\u00e9e des d\u00e9l\u00e9gu\u00e9s 2024, la proposition d&#8217;organiser le s\u00e9minaire Umbrella Lire plus Actualit\u00e9s \u00c9cole d&#8217;\u00e9t\u00e9 de l&#8217;ACSA \u00e0 Saignelegier La Summerschool est un lieu de rencontre et d&#8217;\u00e9change :Entre g\u00e9n\u00e9rations \/ Lire plus ACSA Central OfficeCH-8307 EffretikonTel. +41 79 414 83 47 Folge Uns Copyright 2023 \u00a9 CKMP<\/p>\n","protected":false},"author":1,"featured_media":0,"parent":0,"menu_order":0,"comment_status":"closed","ping_status":"closed","template":"","meta":{"footnotes":""},"class_list":["post-3714","page","type-page","status-publish","hentry"],"acf":[],"_links":{"self":[{"href":"https:\/\/www.aikikai.ch\/fr\/wp-json\/wp\/v2\/pages\/3714","targetHints":{"allow":["GET"]}}],"collection":[{"href":"https:\/\/www.aikikai.ch\/fr\/wp-json\/wp\/v2\/pages"}],"about":[{"href":"https:\/\/www.aikikai.ch\/fr\/wp-json\/wp\/v2\/types\/page"}],"author":[{"embeddable":true,"href":"https:\/\/www.aikikai.ch\/fr\/wp-json\/wp\/v2\/users\/1"}],"replies":[{"embeddable":true,"href":"https:\/\/www.aikikai.ch\/fr\/wp-json\/wp\/v2\/comments?post=3714"}],"version-history":[{"count":2,"href":"https:\/\/www.aikikai.ch\/fr\/wp-json\/wp\/v2\/pages\/3714\/revisions"}],"predecessor-version":[{"id":3971,"href":"https:\/\/www.aikikai.ch\/fr\/wp-json\/wp\/v2\/pages\/3714\/revisions\/3971"}],"wp:attachment":[{"href":"https:\/\/www.aikikai.ch\/fr\/wp-json\/wp\/v2\/media?parent=3714"}],"curies":[{"name":"wp","href":"https:\/\/api.w.org\/{rel}","templated":true}]}}