{"id":3693,"date":"2023-11-07T12:52:45","date_gmt":"2023-11-07T12:52:45","guid":{"rendered":"https:\/\/www.aikikai.ch\/videos"},"modified":"2024-08-16T09:00:46","modified_gmt":"2024-08-16T09:00:46","slug":"videos","status":"publish","type":"page","link":"https:\/\/www.aikikai.ch\/fr\/videos","title":{"rendered":"Vid\u00e9os"},"content":{"rendered":"<p><span><img decoding=\"async\" alt=\"\" data-id=\"764\" width=\"1000\" data-init-width=\"1000\" height=\"245\" data-init-height=\"245\" title=\"header_mobile2\" loading=\"lazy\" src=\"https:\/\/acsa.ch\/wp-content\/uploads\/2023\/10\/header_mobile2.png\" data-width=\"1000\" data-height=\"245\" style=\"aspect-ratio: auto 1000 \/ 245;\"><\/span><span><a href=\"https:\/\/acsa.ch\/\"><img decoding=\"async\" alt=\"\" data-id=\"64\" width=\"129\" data-init-width=\"280\" height=\"129\" data-init-height=\"280\" title=\"logoHD\" loading=\"lazy\" src=\"https:\/\/acsa.ch\/wp-content\/uploads\/2023\/06\/logoHD.png\" data-width=\"129\" data-height=\"129\" style=\"aspect-ratio: auto 280 \/ 280;\" data-link-wrap=\"true\"><\/a><\/span><\/p>\n<p style=\"\"><span style=\"--tcb-applied-color: var$(--tcb-color-0) !important; color: var(--tcb-color-0) !important;\">AIKIKAI SUISSE<\/span><span style=\"--tcb-applied-color: var$(--tcb-color-0) !important; color: var(--tcb-color-0) !important;\">ACSA<\/span><strong><span style=\"font-size: 24px !important; --tcb-applied-color: var$(--tcb-color-4) !important; color: var(--tcb-color-4) !important;\">&nbsp; &nbsp; &nbsp; &nbsp; &nbsp; &nbsp; &nbsp; &nbsp; &nbsp; &nbsp; &nbsp; &nbsp; &nbsp; &nbsp; &nbsp; &nbsp; &nbsp;Association culturelle suisse d&rsquo;a\u00efkido<\/span><\/strong><\/p>\n<h2 style=\"text-align: left;\"><strong>NEWS<\/strong><\/h2>\n<p><span>Search for :<\/span><span style=\"display: none;background-image:url(https:\/\/www.aikikai.ch\/wp-content\/plugins\/add-search-to-menu\/public\/images\/spinner.gif);\"><\/span><span>Bouton de recherche<\/span><span><\/span><\/p>\n<h2><strong>Vid\u00e9os<\/strong><\/h2>\n<h2><strong>Vid\u00e9os<\/strong><\/h2>\n<h2 style=\"text-align: center;\"><strong>Francesco Marrella<\/strong><strong>7\u00e8me Dan<\/strong><strong><span style=\"font-size: 24px !important;\">Aikido Wohlen<\/span><\/strong><\/h2>\n<p style=\"text-align: center;\"><strong>Journ\u00e9es comm\u00e9moratives Ikeda 2023<\/strong><\/p>\n<h2 style=\"text-align: center;\"><strong>Eric Graf<\/strong><strong>6\u00e8me Dan<\/strong><strong><span style=\"font-size: 24px !important;\">Dojo de Bienne<\/span><\/strong><\/h2>\n<p style=\"text-align: center;\"><strong><span style=\"font-size: 24px !important;\">Journ\u00e9es comm\u00e9moratives Ikeda 2023<\/span><\/strong><\/p>\n<h2 style=\"text-align: center;\"><strong>Th\u00e9r\u00e8se Uhr<\/strong><strong>6\u00e8me Dan<\/strong><strong><span style=\"font-size: 24px !important;\">Aikido Ikeda Dojo Zurich<\/span><\/strong><\/h2>\n<p style=\"text-align: center;\"><strong><span style=\"font-size: 24px !important;\">Journ\u00e9es comm\u00e9moratives Ikeda 2023<\/span><\/strong><\/p>\n<h2 style=\"text-align: center;\"><strong>Jean Claude Aegerter<\/strong><strong>7e Dan<\/strong><strong><span style=\"font-size: 24px !important;\">Aikido B\u00e2le<\/span><\/strong><\/h2>\n<p style=\"text-align: center;\"><strong><span style=\"font-size: 24px !important;\">Journ\u00e9es comm\u00e9moratives Ikeda 2023<\/span><\/strong><\/p>\n<h2 style=\"text-align: center;\"><strong>Miroslav Smid<\/strong><strong>5e dan<\/strong><strong><span style=\"font-size: 24px !important;\">Aikido Ikeda Dojo Beroun (R\u00e9publique tch\u00e8que)<\/span><\/strong><\/h2>\n<p style=\"text-align: center;\"><strong><span style=\"font-size: 24px !important;\">Journ\u00e9es comm\u00e9moratives Ikeda 2023<\/span><\/strong><\/p>\n<h2 style=\"text-align: center;\"><strong>Lisa Heiz<\/strong><strong>6\u00e8me Dan<\/strong><strong><span style=\"font-size: 24px !important;\">\u00c9cole d&rsquo;a\u00efkido SanShinKai Basel<\/span><\/strong><\/h2>\n<p style=\"text-align: center;\"><strong><span style=\"font-size: 24px !important;\">Journ\u00e9es comm\u00e9moratives Ikeda 2023<\/span><\/strong><\/p>\n<h2 style=\"text-align: center;\"><strong>Fritz Heuscher<\/strong><strong>7e Dan<\/strong><strong><span style=\"font-size: 24px !important;\">\u00c9cole d&rsquo;a\u00efkido de Langenthal<\/span><\/strong><\/h2>\n<p style=\"text-align: center;\"><strong><span style=\"font-size: 24px !important;\">Journ\u00e9es comm\u00e9moratives Ikeda 2023<\/span><\/strong><\/p>\n<h2 style=\"text-align: center;\"><strong>Claudia Schiess<\/strong><strong>4\u00e8me Dan<\/strong><strong><span style=\"font-size: 24px !important;\">Aikido Ikeda Dojo Z\u00fcrich, Embukai HOJO<\/span><\/strong><\/h2>\n<p style=\"text-align: center;\"><strong><span style=\"font-size: 24px !important;\">Journ\u00e9es comm\u00e9moratives Ikeda 2023<\/span><\/strong><\/p>\n<h2 style=\"text-align: center;\"><strong>St\u00e9phane Humbert<\/strong><strong>5\u00e8me Dan<\/strong><strong><span style=\"font-size: 24px !important;\">A\u00efkido Del\u00e9mont<\/span><\/strong><\/h2>\n<p style=\"text-align: center;\"><strong><span style=\"font-size: 24px !important;\">Journ\u00e9es comm\u00e9moratives Ikeda 2023<\/span><\/strong><\/p>\n<h2 style=\"text-align: center;\"><strong>Hansruedi Nef<\/strong><strong>6\u00e8me Dan<\/strong><strong><span style=\"font-size: 24px !important;\">Aikido Ikeda Dojo Zurich<\/span><\/strong><\/h2>\n<p style=\"text-align: center;\"><strong><span style=\"font-size: 24px !important;\">Journ\u00e9es comm\u00e9moratives Ikeda 2023<\/span><\/strong><\/p>\n<h2 style=\"text-align: center;\"><strong>Tatami Waza Drums<\/strong><strong><\/strong><strong><span style=\"font-size: 24px !important;\"><\/span><\/strong><\/h2>\n<p style=\"text-align: center;\"><strong><span style=\"font-size: 24px !important;\">Journ\u00e9es comm\u00e9moratives Ikeda 2023<\/span><\/strong><\/p>\n<\/p>\n<p><span><img decoding=\"async\" alt=\"\" data-id=\"64\" data-init-width=\"280\" data-init-height=\"280\" title=\"logoHD\" loading=\"lazy\" src=\"https:\/\/acsa.ch\/wp-content\/uploads\/2023\/06\/logoHD.png\" data-width=\"100\" style=\"aspect-ratio: auto 280 \/ 280;\" width=\"100\" height=\"100\" data-height=\"100\"><\/span><\/p>\n<p style=\"text-align: center; color: var(--tcb-color-6) !important; --tcb-applied-color: var$(--tcb-color-6) !important;\">ACSA Central OfficeCH-8307 <span style=\"--tcb-applied-color: var$(--tcb-color-6) !important;\">EffretikonT\u00e9l<\/span>. +41 79 414 83 47<\/p>\n<h4 style=\"text-align: center;\">Suivez-nous<\/h4>\n<p><a href=\"#\" target=\"_blank\" rel=\"nofollow noopener\" data-id=\"icon-facebook\"><span>                     <\/span><\/a><a href=\"#\" target=\"_blank\" rel=\"nofollow noopener\" data-id=\"icon-instagram\"><span>                     <\/span><\/a><a href=\"#\" target=\"_blank\" rel=\"nofollow noopener\" data-dynamic-link=\"thrive_author_url\" data-shortcode-id=\"0\" data-id=\"icon-link\"><span> <!--! Font Awesome Pro 6.1.1 by @fontawesome - https:\/\/fontawesome.com License - https:\/\/fontawesome.com\/license (Commercial License) Copyright 2022 Fonticons, Inc. --><\/span><\/a><\/p>\n<p style=\"text-align: center;\">Copyright 2023 \u00a9 CKMP<\/p>\n","protected":false},"excerpt":{"rendered":"<p>AIKIKAI SUISSEACSA&nbsp; &nbsp; &nbsp; &nbsp; &nbsp; &nbsp; &nbsp; &nbsp; &nbsp; &nbsp; &nbsp; &nbsp; &nbsp; &nbsp; &nbsp; &nbsp; &nbsp;Association culturelle suisse d&rsquo;a\u00efkido NEWS Search for :Bouton de recherche Vid\u00e9os Vid\u00e9os Francesco Marrella7\u00e8me DanAikido Wohlen Journ\u00e9es comm\u00e9moratives Ikeda 2023 Eric Graf6\u00e8me DanDojo de Bienne Journ\u00e9es comm\u00e9moratives Ikeda 2023 Th\u00e9r\u00e8se Uhr6\u00e8me DanAikido Ikeda Dojo Zurich Journ\u00e9es comm\u00e9moratives Ikeda 2023 Jean Claude Aegerter7e DanAikido B\u00e2le Journ\u00e9es comm\u00e9moratives Ikeda 2023 Miroslav Smid5e danAikido Ikeda Dojo Beroun (R\u00e9publique tch\u00e8que) Journ\u00e9es comm\u00e9moratives Ikeda 2023 Lisa Heiz6\u00e8me Dan\u00c9cole d&rsquo;a\u00efkido SanShinKai Basel Journ\u00e9es comm\u00e9moratives Ikeda 2023 Fritz Heuscher7e Dan\u00c9cole d&rsquo;a\u00efkido de Langenthal Journ\u00e9es comm\u00e9moratives Ikeda 2023 Claudia Schiess4\u00e8me DanAikido Ikeda Dojo Z\u00fcrich, Embukai HOJO Journ\u00e9es comm\u00e9moratives Ikeda 2023 St\u00e9phane Humbert5\u00e8me DanA\u00efkido Del\u00e9mont Journ\u00e9es comm\u00e9moratives Ikeda 2023 Hansruedi Nef6\u00e8me DanAikido Ikeda Dojo Zurich Journ\u00e9es comm\u00e9moratives Ikeda 2023 Tatami Waza Drums Journ\u00e9es comm\u00e9moratives Ikeda 2023 ACSA Central OfficeCH-8307 EffretikonT\u00e9l. +41 79 414 83 47 Suivez-nous Copyright 2023 \u00a9 CKMP<\/p>\n","protected":false},"author":1,"featured_media":0,"parent":0,"menu_order":0,"comment_status":"closed","ping_status":"closed","template":"","meta":{"footnotes":""},"class_list":["post-3693","page","type-page","status-publish","hentry"],"acf":[],"_links":{"self":[{"href":"https:\/\/www.aikikai.ch\/fr\/wp-json\/wp\/v2\/pages\/3693","targetHints":{"allow":["GET"]}}],"collection":[{"href":"https:\/\/www.aikikai.ch\/fr\/wp-json\/wp\/v2\/pages"}],"about":[{"href":"https:\/\/www.aikikai.ch\/fr\/wp-json\/wp\/v2\/types\/page"}],"author":[{"embeddable":true,"href":"https:\/\/www.aikikai.ch\/fr\/wp-json\/wp\/v2\/users\/1"}],"replies":[{"embeddable":true,"href":"https:\/\/www.aikikai.ch\/fr\/wp-json\/wp\/v2\/comments?post=3693"}],"version-history":[{"count":3,"href":"https:\/\/www.aikikai.ch\/fr\/wp-json\/wp\/v2\/pages\/3693\/revisions"}],"predecessor-version":[{"id":4117,"href":"https:\/\/www.aikikai.ch\/fr\/wp-json\/wp\/v2\/pages\/3693\/revisions\/4117"}],"wp:attachment":[{"href":"https:\/\/www.aikikai.ch\/fr\/wp-json\/wp\/v2\/media?parent=3693"}],"curies":[{"name":"wp","href":"https:\/\/api.w.org\/{rel}","templated":true}]}}