{"id":3630,"date":"2023-11-27T15:04:49","date_gmt":"2023-11-27T15:04:49","guid":{"rendered":"https:\/\/www.aikikai.ch\/login"},"modified":"2024-07-21T14:22:05","modified_gmt":"2024-07-21T14:22:05","slug":"login","status":"publish","type":"page","link":"https:\/\/www.aikikai.ch\/fr\/login","title":{"rendered":"Login"},"content":{"rendered":"<p><span><img decoding=\"async\" alt=\"\" data-id=\"764\" width=\"1000\" data-init-width=\"1000\" height=\"245\" data-init-height=\"245\" title=\"header_mobile2\" loading=\"lazy\" src=\"https:\/\/acsa.ch\/wp-content\/uploads\/2023\/10\/header_mobile2.png\" data-width=\"1000\" data-height=\"245\" style=\"aspect-ratio: auto 1000 \/ 245;\"><\/span><span><img decoding=\"async\" alt=\"\" data-id=\"64\" width=\"129\" data-init-width=\"280\" height=\"129\" data-init-height=\"280\" title=\"logoHD\" loading=\"lazy\" src=\"https:\/\/acsa.ch\/wp-content\/uploads\/2023\/06\/logoHD.png\" data-width=\"129\" data-height=\"129\" style=\"aspect-ratio: auto 280 \/ 280;\"><\/span><\/p>\n<p style=\"\"><span style=\"--tcb-applied-color: var$(--tcb-color-0) !important; color: var(--tcb-color-0) !important;\">AIKIKAI SCHWEIZ<\/span><span style=\"--tcb-applied-color: var$(--tcb-color-0) !important; color: var(--tcb-color-0) !important;\">ACSA<\/span><strong><span style=\"font-size: 24px !important; --tcb-applied-color: var$(--tcb-color-4) !important; color: var(--tcb-color-4) !important;\">&nbsp; &nbsp; &nbsp; &nbsp; &nbsp; &nbsp; &nbsp; &nbsp; &nbsp; &nbsp; &nbsp; Kulturelle Vereinigung der Schweiz f\u00fcr Aikido<\/span><\/strong><\/p>\n<h2 style=\"text-align: left;\"><strong>NEWS<\/strong><\/h2>\n<p><span><img decoding=\"async\" alt=\"\" data-id=\"520\" width=\"38\" data-init-width=\"512\" height=\"38\" data-init-height=\"512\" title=\"deutschland\" loading=\"lazy\" src=\"https:\/\/acsa.ch\/wp-content\/uploads\/2023\/08\/deutschland.png\" data-width=\"38\" data-height=\"38\" style=\"aspect-ratio: auto 512 \/ 512;\"><\/span><span>Search for:<\/span><span style=\"display: none;background-image:url(https:\/\/www.aikikai.ch\/wp-content\/plugins\/add-search-to-menu\/public\/images\/spinner.gif);\" ><\/span><span>Search Button<\/span><span><\/span><\/p>\n<h2><strong>Medien<\/strong><\/h2>\n<h2><strong>Login<\/strong><\/h2>\n<h2 style=\"text-align: left;\"><strong>Medien<\/strong><\/h2>\n<h2 style=\"text-align: center;\"><strong>\u00c9v\u00e9nements<\/strong><\/h2>\n<h2 style=\"text-align: center;\"><strong>Fotos<\/strong><\/h2>\n<h2 style=\"text-align: center;\"><strong>Intranet<\/strong><\/h2>\n<h2 style=\"text-align: center;\"><strong>Videos<\/strong><\/h2>\n<\/p>\n<p><span><img decoding=\"async\" alt=\"\" data-id=\"64\" data-init-width=\"280\" data-init-height=\"280\" title=\"logoHD\" loading=\"lazy\" src=\"https:\/\/acsa.ch\/wp-content\/uploads\/2023\/06\/logoHD.png\" data-width=\"100\" style=\"aspect-ratio: auto 280 \/ 280;\" width=\"100\" height=\"100\" data-height=\"100\"><\/span><\/p>\n<p style=\"text-align: center; color: var(--tcb-color-6) !important; --tcb-applied-color: var$(--tcb-color-6) !important;\">ACSA Central OfficeCH-8307 <span style=\"--tcb-applied-color: var$(--tcb-color-6) !important;\">Effretikon<\/span>Tel. +41 79 414 83 47<\/p>\n<p style=\"text-align: center;\"><span style=\"font-family: Lato; font-weight: 400; font-size: 14px !important;\">Impressum<\/span><\/p>\n<p style=\"text-align: center;\"><span style=\"font-size: 14px !important;\"><span style=\"font-weight: 400;\"><span style=\"font-family: Lato;\">Datenschutz<\/span><\/span><\/span><\/p>\n<p style=\"text-align: center;\"><span style=\"font-family: Lato; font-weight: 400; font-size: 14px !important;\">Disclaimer<\/span><\/p>\n<h4 style=\"text-align: center;\">Folge Uns<\/h4>\n<p><a href=\"#\" target=\"_blank\" rel=\"nofollow noopener\" data-id=\"icon-facebook\"><span>                     <\/span><\/a><a href=\"\" target=\"_blank\" rel=\"nofollow noopener\" data-dynamic-link=\"thrive_global_fields_url\" data-shortcode-id=\"ig\" data-id=\"icon-instagram\"><span>                     <\/span><\/a><\/p>\n<p style=\"text-align: center;\">Copyright 2023 \u00a9 CKMP<\/p>\n","protected":false},"excerpt":{"rendered":"<p>AIKIKAI SCHWEIZACSA&nbsp; &nbsp; &nbsp; &nbsp; &nbsp; &nbsp; &nbsp; &nbsp; &nbsp; &nbsp; &nbsp; Kulturelle Vereinigung der Schweiz f\u00fcr Aikido NEWS Search for:Search Button Medien Login Medien \u00c9v\u00e9nements Fotos Intranet Videos ACSA Central OfficeCH-8307 EffretikonTel. +41 79 414 83 47 Impressum Datenschutz Disclaimer Folge Uns Copyright 2023 \u00a9 CKMP<\/p>\n","protected":false},"author":1,"featured_media":0,"parent":0,"menu_order":0,"comment_status":"closed","ping_status":"closed","template":"","meta":{"footnotes":""},"class_list":["post-3630","page","type-page","status-publish","hentry"],"acf":[],"_links":{"self":[{"href":"https:\/\/www.aikikai.ch\/fr\/wp-json\/wp\/v2\/pages\/3630","targetHints":{"allow":["GET"]}}],"collection":[{"href":"https:\/\/www.aikikai.ch\/fr\/wp-json\/wp\/v2\/pages"}],"about":[{"href":"https:\/\/www.aikikai.ch\/fr\/wp-json\/wp\/v2\/types\/page"}],"author":[{"embeddable":true,"href":"https:\/\/www.aikikai.ch\/fr\/wp-json\/wp\/v2\/users\/1"}],"replies":[{"embeddable":true,"href":"https:\/\/www.aikikai.ch\/fr\/wp-json\/wp\/v2\/comments?post=3630"}],"version-history":[{"count":1,"href":"https:\/\/www.aikikai.ch\/fr\/wp-json\/wp\/v2\/pages\/3630\/revisions"}],"predecessor-version":[{"id":3634,"href":"https:\/\/www.aikikai.ch\/fr\/wp-json\/wp\/v2\/pages\/3630\/revisions\/3634"}],"wp:attachment":[{"href":"https:\/\/www.aikikai.ch\/fr\/wp-json\/wp\/v2\/media?parent=3630"}],"curies":[{"name":"wp","href":"https:\/\/api.w.org\/{rel}","templated":true}]}}