{"id":3598,"date":"2023-11-27T14:39:54","date_gmt":"2023-11-27T14:39:54","guid":{"rendered":"https:\/\/www.aikikai.ch\/international"},"modified":"2024-08-15T13:36:21","modified_gmt":"2024-08-15T13:36:21","slug":"international","status":"publish","type":"page","link":"https:\/\/www.aikikai.ch\/fr\/international","title":{"rendered":"International"},"content":{"rendered":"<p><span><img decoding=\"async\" alt=\"\" data-id=\"3824\" width=\"1000\" data-init-width=\"1000\" height=\"245\" data-init-height=\"245\" title=\"header_mobile_FR\" loading=\"lazy\" src=\"https:\/\/www.aikikai.ch\/wp-content\/uploads\/2024\/08\/header_mobile_FR.png\" data-width=\"1000\" data-height=\"245\" style=\"aspect-ratio: auto 1000 \/ 245;\"><\/span><span><a href=\"https:\/\/acsa.ch\/\"><img decoding=\"async\" alt=\"\" data-id=\"64\" width=\"129\" data-init-width=\"280\" height=\"129\" data-init-height=\"280\" title=\"logoHD\" loading=\"lazy\" src=\"https:\/\/acsa.ch\/wp-content\/uploads\/2023\/06\/logoHD.png\" data-width=\"129\" data-height=\"129\" style=\"aspect-ratio: auto 280 \/ 280;\" data-link-wrap=\"true\"><\/a><\/span><\/p>\n<p><span style=\"--tcb-applied-color: var$(--tcb-color-0) !important; color: var(--tcb-color-0) !important;\">AIKIKAI SUISSE ACSA<\/span><strong><span style=\"font-size: 24px !important; --tcb-applied-color: var$(--tcb-color-4) !important; color: var(--tcb-color-4) !important;\">&nbsp; &nbsp; &nbsp; &nbsp; &nbsp; &nbsp; &nbsp; &nbsp; &nbsp; &nbsp; &nbsp; &nbsp; &nbsp; &nbsp; &nbsp; &nbsp; &nbsp;Association culturelle suisse d&rsquo;Aikido<\/span><\/strong><\/p>\n<h2 style=\"text-align: left;\"><strong>NEWS<\/strong><\/h2>\n<p><span>Search for:<\/span><span style=\"display: none;background-image:url(https:\/\/www.aikikai.ch\/wp-content\/plugins\/add-search-to-menu\/public\/images\/spinner.gif);\" ><\/span><span>Search Button<\/span><span><\/span><\/p>\n<h2><strong>International<\/strong><\/h2>\n<h2><strong>International<\/strong><\/h2>\n<p>L&rsquo;ACSA s&rsquo;engage activement au niveau international en collaborant avec diff\u00e9rentes f\u00e9d\u00e9rations d&rsquo;a\u00efkido. Dans ce contexte, l&rsquo;ACSA entretient des relations \u00e9troites avec des ma\u00eetres d&rsquo;a\u00efkido de haut niveau, que ce soit lors de s\u00e9minaires ou de congr\u00e8s internationaux. Cette collaboration a pour but de favoriser l&rsquo;\u00e9change de connaissances et d&rsquo;exp\u00e9riences.<\/p>\n<p>L&rsquo;ACSA s&rsquo;engage avec beaucoup de d\u00e9vouement \u00e0 faire avancer le d\u00e9veloppement de l&rsquo;a\u00efkido actuel au sein du r\u00e9seau mondial de l&rsquo;a\u00efkido. L&rsquo;objectif est d&rsquo;ouvrir la voie aux nouvelles et futures g\u00e9n\u00e9rations d&rsquo;a\u00efkidokas. Ces efforts contribuent \u00e0 d\u00e9velopper l&rsquo;art de l&rsquo;a\u00efkido et \u00e0 le rendre accessible \u00e0 une communaut\u00e9 plus large et plus diversifi\u00e9e. Gr\u00e2ce \u00e0 la coop\u00e9ration internationale et \u00e0 l&rsquo;\u00e9change de connaissances, l&rsquo;ACSA apporte une contribution pr\u00e9cieuse \u00e0 la promotion et \u00e0 la diffusion de l&rsquo;a\u00efkido dans le monde entier.<\/p>\n<p>L&rsquo;ACSA s&rsquo;engage activement au niveau international en collaborant avec diff\u00e9rentes f\u00e9d\u00e9rations d&rsquo;a\u00efkido. Dans ce contexte, l&rsquo;ACSA entretient des relations \u00e9troites avec des ma\u00eetres d&rsquo;a\u00efkido de haut niveau, que ce soit lors de s\u00e9minaires ou de congr\u00e8s internationaux. Cette collaboration a pour but de favoriser l&rsquo;\u00e9change de connaissances et d&rsquo;exp\u00e9riences.<\/p>\n<p>L&rsquo;ACSA s&rsquo;engage avec beaucoup de d\u00e9vouement \u00e0 faire avancer le d\u00e9veloppement de l&rsquo;a\u00efkido actuel au sein du r\u00e9seau mondial de l&rsquo;a\u00efkido. L&rsquo;objectif est d&rsquo;ouvrir la voie aux nouvelles et futures g\u00e9n\u00e9rations d&rsquo;a\u00efkidokas. Ces efforts contribuent \u00e0 d\u00e9velopper l&rsquo;art de l&rsquo;a\u00efkido et \u00e0 le rendre accessible \u00e0 une communaut\u00e9 plus large et plus diversifi\u00e9e. Gr\u00e2ce \u00e0 la coop\u00e9ration internationale et \u00e0 l&rsquo;\u00e9change de connaissances, l&rsquo;ACSA apporte une contribution pr\u00e9cieuse \u00e0 la promotion et \u00e0 la diffusion de l&rsquo;a\u00efkido dans le monde entier.<\/p>\n<h2 style=\"text-align: left;\"><strong>EAF<\/strong><\/h2>\n<p style=\"text-align: left;\"><strong>European Aikido Federation<\/strong><\/p>\n<p><span style=\"\"><a href=\"https:\/\/www.aikido-eu.org\/\" target=\"_blank\" rel=\"nofollow noopener\"><img decoding=\"async\" alt=\"\" data-id=\"1409\" width=\"343\" data-init-width=\"1280\" height=\"143\" data-init-height=\"532\" title=\"Logo EAF\" loading=\"lazy\" src=\"https:\/\/acsa.ch\/wp-content\/uploads\/2023\/11\/Logo-EAF.png\" data-width=\"343\" data-height=\"143\" style=\"aspect-ratio: auto 1280 \/ 532;\" ml-d=\"0\" mt-d=\"0\" data-link-wrap=\"true\"><\/a><\/span><\/p>\n<p>La F\u00e9d\u00e9ration europ\u00e9enne d&rsquo;a\u00efkido (EAF) est une organisation qui se concentre sur la promotion et la coordination des activit\u00e9s d&rsquo;a\u00efkido en Europe. Voici quelques-unes des principales missions et activit\u00e9s pour lesquelles l&rsquo;EAF est connue :<\/p>\n<h2 style=\"text-align: center;\"><strong>EAF<\/strong><\/h2>\n<p style=\"text-align: center;\"><strong>European Aikido Federation<\/strong><\/p>\n<p><span style=\"\"><a href=\"https:\/\/www.aikido-eu.org\/\" target=\"_blank\" rel=\"nofollow noopener\"><img decoding=\"async\" alt=\"\" data-id=\"1409\" width=\"343\" data-init-width=\"1280\" height=\"143\" data-init-height=\"532\" title=\"Logo EAF\" loading=\"lazy\" src=\"https:\/\/acsa.ch\/wp-content\/uploads\/2023\/11\/Logo-EAF.png\" data-width=\"343\" data-height=\"143\" style=\"aspect-ratio: auto 1280 \/ 532;\" ml-d=\"0\" mt-d=\"0\" data-link-wrap=\"true\"><\/a><\/span><\/p>\n<p style=\"text-align: center;\">La F\u00e9d\u00e9ration europ\u00e9enne d&rsquo;a\u00efkido (EAF) est une organisation qui se concentre sur la promotion et la coordination des activit\u00e9s d&rsquo;a\u00efkido en Europe. Voici quelques-unes des principales missions et activit\u00e9s pour lesquelles l&rsquo;EAF est connue :<\/p>\n<h2 style=\"text-align: right;\"><strong>IAF<\/strong><\/h2>\n<p style=\"text-align: left;\"><strong><strong>International Aikido Federation<\/strong><\/strong><\/p>\n<p><span><a href=\"https:\/\/www.aikido-international.org\/\" target=\"_blank\" rel=\"nofollow noopener\"><img decoding=\"async\" alt=\"\" data-id=\"1411\" width=\"300\" data-init-width=\"320\" height=\"293\" data-init-height=\"312\" title=\"International_Aikido_Federation_logo\" loading=\"lazy\" src=\"https:\/\/acsa.ch\/wp-content\/uploads\/2023\/11\/International_Aikido_Federation_logo.png\" data-width=\"300\" data-height=\"293\" style=\"aspect-ratio: auto 320 \/ 312;\" data-link-wrap=\"true\"><\/a><\/span><\/p>\n<p><strong>L&rsquo;International Aikido Federation<\/strong>, appel\u00e9e <strong>IAF<\/strong>, est la f\u00e9d\u00e9ration internationale d&rsquo;a\u00efkido li\u00e9e \u00e0 l&rsquo;Aikido Hombu Dojo. Le pr\u00e9sident de la f\u00e9d\u00e9ration est toujours le Doshu. Actuellement, il s&rsquo;agit de Moriteru Ueshiba.<\/p>\n<p>D&rsquo;autres membres connus sont, entre autres, Tada Shihan en tant que pr\u00e9sident du conseil des a\u00een\u00e9s (Senior Council) et Asai Shihan en tant que membre du conseil des a\u00een\u00e9s. Les membres de l&rsquo;IAF sont des f\u00e9d\u00e9rations nationales d&rsquo;a\u00efkido reconnues par le hombu-dojo. Cependant, il n&rsquo;y a actuellement qu&rsquo;une seule association agr\u00e9\u00e9e par pays. C&rsquo;est pourquoi, sur les 53 f\u00e9d\u00e9rations actuellement reconnues par le Hombu Dojo, seules 43 sont membres de la f\u00e9d\u00e9ration internationale.<\/p>\n<p>L&rsquo;objectif de la f\u00e9d\u00e9ration est de pr\u00e9server et de d\u00e9velopper l&rsquo;a\u00efkido dans l&rsquo;esprit de Ueshiba Morihei, le fondateur de l&rsquo;a\u00efkido. La f\u00e9d\u00e9ration organise donc diff\u00e9rents \u00e9v\u00e9nements, comme le congr\u00e8s de l&rsquo;IAF, qui a lieu tous les quatre ans. Deux membres du comit\u00e9 directeur de l&rsquo;ACSA y participent \u00e0 chaque fois. Le congr\u00e8s est toujours associ\u00e9 \u00e0 un stage d&rsquo;a\u00efkido au cours duquel des shihans internationaux enseignent.<\/p>\n<h2 style=\"text-align: center;\"><strong>IAF<\/strong><\/h2>\n<p style=\"text-align: center;\"><strong><strong>International Aikido Federation<\/strong><\/strong><\/p>\n<p><span><a href=\"https:\/\/www.aikido-international.org\/\" target=\"_blank\" rel=\"nofollow noopener\"><img decoding=\"async\" alt=\"\" data-id=\"1411\" width=\"300\" data-init-width=\"320\" height=\"293\" data-init-height=\"312\" title=\"International_Aikido_Federation_logo\" loading=\"lazy\" src=\"https:\/\/acsa.ch\/wp-content\/uploads\/2023\/11\/International_Aikido_Federation_logo.png\" data-width=\"300\" data-height=\"293\" style=\"aspect-ratio: auto 320 \/ 312;\" data-link-wrap=\"true\"><\/a><\/span><\/p>\n<p><strong>L&rsquo;International Aikido Federation<\/strong>, appel\u00e9e&nbsp;<strong>IAF<\/strong>, est la f\u00e9d\u00e9ration internationale d&rsquo;a\u00efkido li\u00e9e \u00e0 l&rsquo;Aikido Hombu Dojo. Le pr\u00e9sident de la f\u00e9d\u00e9ration est toujours le Doshu. Actuellement, il s&rsquo;agit de Moriteru Ueshiba.<\/p>\n<p>D&rsquo;autres membres connus sont, entre autres, Tada Shihan en tant que pr\u00e9sident du conseil des a\u00een\u00e9s (Senior Council) et Asai Shihan en tant que membre du conseil des a\u00een\u00e9s. Les membres de l&rsquo;IAF sont des f\u00e9d\u00e9rations nationales d&rsquo;a\u00efkido reconnues par le hombu-dojo. Cependant, il n&rsquo;y a actuellement qu&rsquo;une seule association agr\u00e9\u00e9e par pays. C&rsquo;est pourquoi, sur les 53 f\u00e9d\u00e9rations actuellement reconnues par le Hombu Dojo, seules 43 sont membres de la f\u00e9d\u00e9ration internationale.<\/p>\n<p>L&rsquo;objectif de la f\u00e9d\u00e9ration est de pr\u00e9server et de d\u00e9velopper l&rsquo;a\u00efkido dans l&rsquo;esprit de Ueshiba Morihei, le fondateur de l&rsquo;a\u00efkido. La f\u00e9d\u00e9ration organise donc diff\u00e9rents \u00e9v\u00e9nements, comme le congr\u00e8s de l&rsquo;IAF, qui a lieu tous les quatre ans. Deux membres du comit\u00e9 directeur de l&rsquo;ACSA y participent \u00e0 chaque fois. Le congr\u00e8s est toujours associ\u00e9 \u00e0 un stage d&rsquo;a\u00efkido au cours duquel des shihans internationaux enseignent.<\/p>\n<\/p>\n<p><span><img decoding=\"async\" alt=\"\" data-id=\"64\" data-init-width=\"280\" data-init-height=\"280\" title=\"logoHD\" loading=\"lazy\" src=\"https:\/\/acsa.ch\/wp-content\/uploads\/2023\/06\/logoHD.png\" data-width=\"100\" style=\"aspect-ratio: auto 280 \/ 280;\" width=\"100\" height=\"100\" data-height=\"100\"><\/span><\/p>\n<p style=\"text-align: center; color: var(--tcb-color-6) !important; --tcb-applied-color: var$(--tcb-color-6) !important;\">ACSA Central OfficeCH-8307 <span style=\"--tcb-applied-color: var$(--tcb-color-6) !important;\">Effretikon<\/span>Tel. +41 79 414 83 47<\/p>\n<h4 style=\"text-align: center;\">Suivez-nous<\/h4>\n<p><a href=\"#\" target=\"_blank\" rel=\"nofollow noopener\" data-id=\"icon-facebook\"><span>                     <\/span><\/a><a href=\"#\" target=\"_blank\" rel=\"nofollow noopener\" data-id=\"icon-instagram\"><span>                     <\/span><\/a><a href=\"#\" target=\"_blank\" rel=\"nofollow noopener\" data-dynamic-link=\"thrive_author_url\" data-shortcode-id=\"0\" data-id=\"icon-link\"><span> <!--! Font Awesome Pro 6.1.1 by @fontawesome - https:\/\/fontawesome.com License - https:\/\/fontawesome.com\/license (Commercial License) Copyright 2022 Fonticons, Inc. --><\/span><\/a><\/p>\n<p style=\"text-align: center;\">Copyright 2023 \u00a9 CKMP<\/p>\n","protected":false},"excerpt":{"rendered":"<p>AIKIKAI SUISSE ACSA&nbsp; &nbsp; &nbsp; &nbsp; &nbsp; &nbsp; &nbsp; &nbsp; &nbsp; &nbsp; &nbsp; &nbsp; &nbsp; &nbsp; &nbsp; &nbsp; &nbsp;Association culturelle suisse d&rsquo;Aikido NEWS Search for:Search Button International International L&rsquo;ACSA s&rsquo;engage activement au niveau international en collaborant avec diff\u00e9rentes f\u00e9d\u00e9rations d&rsquo;a\u00efkido. Dans ce contexte, l&rsquo;ACSA entretient des relations \u00e9troites avec des ma\u00eetres d&rsquo;a\u00efkido de haut niveau, que ce soit lors de s\u00e9minaires ou de congr\u00e8s internationaux. Cette collaboration a pour but de favoriser l&rsquo;\u00e9change de connaissances et d&rsquo;exp\u00e9riences. L&rsquo;ACSA s&rsquo;engage avec beaucoup de d\u00e9vouement \u00e0 faire avancer le d\u00e9veloppement de l&rsquo;a\u00efkido actuel au sein du r\u00e9seau mondial de l&rsquo;a\u00efkido. L&rsquo;objectif est d&rsquo;ouvrir la voie aux nouvelles et futures g\u00e9n\u00e9rations d&rsquo;a\u00efkidokas. Ces efforts contribuent \u00e0 d\u00e9velopper l&rsquo;art de l&rsquo;a\u00efkido et \u00e0 le rendre accessible \u00e0 une communaut\u00e9 plus large et plus diversifi\u00e9e. Gr\u00e2ce \u00e0 la coop\u00e9ration internationale et \u00e0 l&rsquo;\u00e9change de connaissances, l&rsquo;ACSA apporte une contribution pr\u00e9cieuse \u00e0 la promotion et \u00e0 la diffusion de l&rsquo;a\u00efkido dans le monde entier. L&rsquo;ACSA s&rsquo;engage activement au niveau international en collaborant avec diff\u00e9rentes f\u00e9d\u00e9rations d&rsquo;a\u00efkido. Dans ce contexte, l&rsquo;ACSA entretient des relations \u00e9troites avec des ma\u00eetres d&rsquo;a\u00efkido de haut niveau, que ce soit lors de s\u00e9minaires ou de congr\u00e8s internationaux. Cette collaboration a pour but de favoriser l&rsquo;\u00e9change de connaissances et d&rsquo;exp\u00e9riences. L&rsquo;ACSA s&rsquo;engage avec beaucoup de d\u00e9vouement \u00e0 faire avancer le d\u00e9veloppement de l&rsquo;a\u00efkido actuel au sein du r\u00e9seau mondial de l&rsquo;a\u00efkido. L&rsquo;objectif est d&rsquo;ouvrir la voie aux nouvelles et futures g\u00e9n\u00e9rations d&rsquo;a\u00efkidokas. Ces efforts contribuent \u00e0 d\u00e9velopper l&rsquo;art de l&rsquo;a\u00efkido et \u00e0 le rendre accessible \u00e0 une communaut\u00e9 plus large et plus diversifi\u00e9e. Gr\u00e2ce \u00e0 la coop\u00e9ration internationale et \u00e0 l&rsquo;\u00e9change de connaissances, l&rsquo;ACSA apporte une contribution pr\u00e9cieuse \u00e0 la promotion et \u00e0 la diffusion de l&rsquo;a\u00efkido dans le monde entier. EAF European Aikido Federation La F\u00e9d\u00e9ration europ\u00e9enne d&rsquo;a\u00efkido (EAF) est une organisation qui se concentre sur la promotion et la coordination des activit\u00e9s d&rsquo;a\u00efkido en Europe. Voici quelques-unes des principales missions et activit\u00e9s pour lesquelles l&rsquo;EAF est connue : EAF European Aikido Federation La F\u00e9d\u00e9ration europ\u00e9enne d&rsquo;a\u00efkido (EAF) est une organisation qui se concentre sur la promotion et la coordination des activit\u00e9s d&rsquo;a\u00efkido en Europe. Voici quelques-unes des principales missions et activit\u00e9s pour lesquelles l&rsquo;EAF est connue : IAF International Aikido Federation L&rsquo;International Aikido Federation, appel\u00e9e IAF, est la f\u00e9d\u00e9ration internationale d&rsquo;a\u00efkido li\u00e9e \u00e0 l&rsquo;Aikido Hombu Dojo. Le pr\u00e9sident de la f\u00e9d\u00e9ration est toujours le Doshu. Actuellement, il s&rsquo;agit de Moriteru Ueshiba. D&rsquo;autres membres connus sont, entre autres, Tada Shihan en tant que pr\u00e9sident du conseil des a\u00een\u00e9s (Senior Council) et Asai Shihan en tant que membre du conseil des a\u00een\u00e9s. Les membres de l&rsquo;IAF sont des f\u00e9d\u00e9rations nationales d&rsquo;a\u00efkido reconnues par le hombu-dojo. Cependant, il n&rsquo;y a actuellement qu&rsquo;une seule association agr\u00e9\u00e9e par pays. C&rsquo;est pourquoi, sur les 53 f\u00e9d\u00e9rations actuellement reconnues par le Hombu Dojo, seules 43 sont membres de la f\u00e9d\u00e9ration internationale. L&rsquo;objectif de la f\u00e9d\u00e9ration est de pr\u00e9server et de d\u00e9velopper l&rsquo;a\u00efkido dans l&rsquo;esprit de Ueshiba Morihei, le fondateur de l&rsquo;a\u00efkido. La f\u00e9d\u00e9ration organise donc diff\u00e9rents \u00e9v\u00e9nements, comme le congr\u00e8s de l&rsquo;IAF, qui a lieu tous les quatre ans. Deux membres du comit\u00e9 directeur de l&rsquo;ACSA y participent \u00e0 chaque fois. Le congr\u00e8s est toujours associ\u00e9 \u00e0 un stage d&rsquo;a\u00efkido au cours duquel des shihans internationaux enseignent. IAF International Aikido Federation L&rsquo;International Aikido Federation, appel\u00e9e&nbsp;IAF, est la f\u00e9d\u00e9ration internationale d&rsquo;a\u00efkido li\u00e9e \u00e0 l&rsquo;Aikido Hombu Dojo. Le pr\u00e9sident de la f\u00e9d\u00e9ration est toujours le Doshu. Actuellement, il s&rsquo;agit de Moriteru Ueshiba. D&rsquo;autres membres connus sont, entre autres, Tada Shihan en tant que pr\u00e9sident du conseil des a\u00een\u00e9s (Senior Council) et Asai Shihan en tant que membre du conseil des a\u00een\u00e9s. Les membres de l&rsquo;IAF sont des f\u00e9d\u00e9rations nationales d&rsquo;a\u00efkido reconnues par le hombu-dojo. Cependant, il n&rsquo;y a actuellement qu&rsquo;une seule association agr\u00e9\u00e9e par pays. C&rsquo;est pourquoi, sur les 53 f\u00e9d\u00e9rations actuellement reconnues par le Hombu Dojo, seules 43 sont membres de la f\u00e9d\u00e9ration internationale. L&rsquo;objectif de la f\u00e9d\u00e9ration est de pr\u00e9server et de d\u00e9velopper l&rsquo;a\u00efkido dans l&rsquo;esprit de Ueshiba Morihei, le fondateur de l&rsquo;a\u00efkido. La f\u00e9d\u00e9ration organise donc diff\u00e9rents \u00e9v\u00e9nements, comme le congr\u00e8s de l&rsquo;IAF, qui a lieu tous les quatre ans. Deux membres du comit\u00e9 directeur de l&rsquo;ACSA y participent \u00e0 chaque fois. Le congr\u00e8s est toujours associ\u00e9 \u00e0 un stage d&rsquo;a\u00efkido au cours duquel des shihans internationaux enseignent. ACSA Central OfficeCH-8307 EffretikonTel. +41 79 414 83 47 Suivez-nous Copyright 2023 \u00a9 CKMP<\/p>\n","protected":false},"author":1,"featured_media":0,"parent":0,"menu_order":0,"comment_status":"closed","ping_status":"closed","template":"","meta":{"footnotes":""},"class_list":["post-3598","page","type-page","status-publish","hentry"],"acf":[],"_links":{"self":[{"href":"https:\/\/www.aikikai.ch\/fr\/wp-json\/wp\/v2\/pages\/3598","targetHints":{"allow":["GET"]}}],"collection":[{"href":"https:\/\/www.aikikai.ch\/fr\/wp-json\/wp\/v2\/pages"}],"about":[{"href":"https:\/\/www.aikikai.ch\/fr\/wp-json\/wp\/v2\/types\/page"}],"author":[{"embeddable":true,"href":"https:\/\/www.aikikai.ch\/fr\/wp-json\/wp\/v2\/users\/1"}],"replies":[{"embeddable":true,"href":"https:\/\/www.aikikai.ch\/fr\/wp-json\/wp\/v2\/comments?post=3598"}],"version-history":[{"count":4,"href":"https:\/\/www.aikikai.ch\/fr\/wp-json\/wp\/v2\/pages\/3598\/revisions"}],"predecessor-version":[{"id":3968,"href":"https:\/\/www.aikikai.ch\/fr\/wp-json\/wp\/v2\/pages\/3598\/revisions\/3968"}],"wp:attachment":[{"href":"https:\/\/www.aikikai.ch\/fr\/wp-json\/wp\/v2\/media?parent=3598"}],"curies":[{"name":"wp","href":"https:\/\/api.w.org\/{rel}","templated":true}]}}