{"id":3592,"date":"2023-10-10T08:38:58","date_gmt":"2023-10-10T08:38:58","guid":{"rendered":"https:\/\/www.aikikai.ch\/aikido"},"modified":"2024-08-15T15:28:31","modified_gmt":"2024-08-15T15:28:31","slug":"aikido","status":"publish","type":"page","link":"https:\/\/www.aikikai.ch\/fr\/aikido","title":{"rendered":"AiKiDo"},"content":{"rendered":"<p><span><img decoding=\"async\" alt=\"\" data-id=\"3824\" width=\"1000\" data-init-width=\"1000\" height=\"245\" data-init-height=\"245\" title=\"header_mobile_FR\" loading=\"lazy\" src=\"https:\/\/www.aikikai.ch\/wp-content\/uploads\/2024\/08\/header_mobile_FR.png\" data-width=\"1000\" data-height=\"245\" style=\"aspect-ratio: auto 1000 \/ 245;\"><\/span><span><a href=\"https:\/\/acsa.ch\/\"><img decoding=\"async\" alt=\"\" data-id=\"64\" width=\"129\" data-init-width=\"280\" height=\"129\" data-init-height=\"280\" title=\"logoHD\" loading=\"lazy\" src=\"https:\/\/acsa.ch\/wp-content\/uploads\/2023\/06\/logoHD.png\" data-width=\"129\" data-height=\"129\" style=\"aspect-ratio: auto 280 \/ 280;\" data-link-wrap=\"true\"><\/a><\/span><\/p>\n<p><span style=\"--tcb-applied-color: var$(--tcb-color-0) !important; color: var(--tcb-color-0) !important;\">AIKIKAI SUISSE ACSA<\/span><strong><span style=\"font-size: 24px !important; --tcb-applied-color: var$(--tcb-color-4) !important; color: var(--tcb-color-4) !important;\">&nbsp; &nbsp; &nbsp; &nbsp; &nbsp; &nbsp; &nbsp; &nbsp; &nbsp; &nbsp; &nbsp; &nbsp; &nbsp; &nbsp; &nbsp; &nbsp; &nbsp;Association culturelle suisse d&rsquo;Aikido<\/span><\/strong><\/p>\n<h2 style=\"text-align: left;\"><strong>NEWS<\/strong><\/h2>\n<p><span>Search for:<\/span><span style=\"display: none;background-image:url(https:\/\/www.aikikai.ch\/wp-content\/plugins\/add-search-to-menu\/public\/images\/spinner.gif);\" ><\/span><span>Search Button<\/span><span><\/span><\/p>\n<h2><strong>AiKiDo<\/strong><\/h2>\n<h2><strong>AiKiDo<\/strong><\/h2>\n<p style=\"color: var(--tcb-color-6) !important; --tcb-applied-color: var$(--tcb-color-6) !important;\"><em>\u00ab<\/em><em>La victoire au d\u00e9triment des autres n&rsquo;est pas une vraie victoire. Vaincre, c&rsquo;est remporter la victoire sur l&rsquo;esprit de discorde qui r\u00e8gne en soi. L&rsquo;a\u00efki n&rsquo;est pas une technique pour combattre ou battre un ennemi. C&rsquo;est un moyen de r\u00e9concilier le monde et de faire des hommes une seule famille.<\/em><em>\u00bb<\/em><\/p>\n<p style=\"color: var(--tcb-color-6) !important; --tcb-applied-color: var$(--tcb-color-6) !important; text-align: right;\">\u2013 Morihei Ueshiba<\/p>\n<p style=\"color: var(--tcb-color-6) !important; --tcb-applied-color: var$(--tcb-color-6) !important;\"><em><em>\u00ab<\/em><em>La victoire au d\u00e9triment des autres n&rsquo;est pas une vraie victoire. Vaincre, c&rsquo;est remporter la victoire sur l&rsquo;esprit de discorde qui r\u00e8gne en soi. L&rsquo;a\u00efki n&rsquo;est pas une technique pour combattre ou battre un ennemi. C&rsquo;est un moyen de r\u00e9concilier le monde et de faire des hommes une seule famille.<\/em><em>\u00bb<\/em><\/em><\/p>\n<p style=\"color: var(--tcb-color-6) !important; --tcb-applied-color: var$(--tcb-color-6) !important; text-align: right;\">\u2013 Morihei Ueshiba<\/p>\n<p style=\"\">L&rsquo;a\u00efkido est un art martial japonais d\u00e9velopp\u00e9 par O Sensei Morihei Ueshiba (14.12.1883 &#8211; 26.4.1969). L&rsquo;ACSA (Assocation Culturelle Suisse d&rsquo;A\u00efkido) est l&rsquo;a\u00efkika\u00ef de Suisse et est directement rattach\u00e9e au Hombu Dojo au Japon. Le Hombu Dojo est le dojo central du monde. Le petit-fils de O Sensei, Doshu Moriteru Ueshiba, ainsi que l&rsquo;arri\u00e8re-petit-fils, <a data-tcb_hover_state_parent=\"\" href=\"https:\/\/acsa.ch\/japanische-sensei\" style=\"outline: none;\">Waka Sensei Mitsuteru Ueshiba<\/a>, enseignent entre autres dans ce lieu d&rsquo;entra\u00eenement.<\/p>\n<p><span><img decoding=\"async\" alt=\"\" data-id=\"1047\" width=\"422\" data-init-width=\"556\" height=\"281\" data-init-height=\"371\" title=\"ACSA_10525-1ad04ac3d71cc8cgdea9d3d9d8cf22ee\" loading=\"lazy\" src=\"https:\/\/acsa.ch\/wp-content\/uploads\/2023\/10\/ACSA_10525-1ad04ac3d71cc8cgdea9d3d9d8cf22ee.jpg\" data-width=\"422\" data-height=\"281\" style=\"aspect-ratio: auto 556 \/ 371;\"><\/span><\/p>\n<p style=\"\">L&rsquo;a\u00efkido est un art martial japonais d\u00e9velopp\u00e9 par O Sensei Morihei Ueshiba (14.12.1883 &#8211; 26.4.1969). L&rsquo;ACSA (Assocation Culturelle Suisse d&rsquo;A\u00efkido) est l&rsquo;a\u00efkika\u00ef de Suisse et est directement rattach\u00e9e au Hombu Dojo au Japon. Le Hombu Dojo est le dojo central du monde. Le petit-fils de O Sensei, Doshu Moriteru Ueshiba, ainsi que l&rsquo;arri\u00e8re-petit-fils,&nbsp;<a data-tcb_hover_state_parent=\"\" href=\"https:\/\/acsa.ch\/japanische-sensei\">Waka Sensei Mitsuteru Ueshiba<\/a>, enseignent entre autres dans ce lieu d&rsquo;entra\u00eenement.<\/p>\n<p><span><img decoding=\"async\" alt=\"\" data-id=\"1047\" width=\"422\" data-init-width=\"556\" height=\"281\" data-init-height=\"371\" title=\"ACSA_10525-1ad04ac3d71cc8cgdea9d3d9d8cf22ee\" loading=\"lazy\" src=\"https:\/\/acsa.ch\/wp-content\/uploads\/2023\/10\/ACSA_10525-1ad04ac3d71cc8cgdea9d3d9d8cf22ee.jpg\" data-width=\"422\" data-height=\"281\" style=\"aspect-ratio: auto 556 \/ 371;\"><\/span><\/p>\n<p><span><img decoding=\"async\" alt=\"\" data-id=\"64\" data-init-width=\"280\" data-init-height=\"280\" title=\"logoHD\" loading=\"lazy\" src=\"https:\/\/acsa.ch\/wp-content\/uploads\/2023\/06\/logoHD.png\" data-width=\"100\" style=\"aspect-ratio: auto 280 \/ 280;\" width=\"100\" height=\"100\" data-height=\"100\"><\/span><\/p>\n<p style=\"text-align: center; color: var(--tcb-color-6) !important; --tcb-applied-color: var$(--tcb-color-6) !important;\">ACSA Central OfficeCH-8307 <span style=\"--tcb-applied-color: var$(--tcb-color-6) !important;\">Effretikon<\/span>Tel. +41 79 414 83 47<\/p>\n<h4 style=\"text-align: center;\">Suivez-nous<\/h4>\n<p><a href=\"#\" target=\"_blank\" rel=\"nofollow noopener\" data-id=\"icon-facebook\"><span>                     <\/span><\/a><a href=\"#\" target=\"_blank\" rel=\"nofollow noopener\" data-id=\"icon-instagram\"><span>                     <\/span><\/a><a href=\"#\" target=\"_blank\" rel=\"nofollow noopener\" data-dynamic-link=\"thrive_author_url\" data-shortcode-id=\"0\" data-id=\"icon-link\"><span> <!--! Font Awesome Pro 6.1.1 by @fontawesome - https:\/\/fontawesome.com License - https:\/\/fontawesome.com\/license (Commercial License) Copyright 2022 Fonticons, Inc. --><\/span><\/a><\/p>\n<p style=\"text-align: center;\">Copyright 2023 \u00a9 CKMP<\/p>\n","protected":false},"excerpt":{"rendered":"<p>AIKIKAI SUISSE ACSA&nbsp; &nbsp; &nbsp; &nbsp; &nbsp; &nbsp; &nbsp; &nbsp; &nbsp; &nbsp; &nbsp; &nbsp; &nbsp; &nbsp; &nbsp; &nbsp; &nbsp;Association culturelle suisse d&rsquo;Aikido NEWS Search for:Search Button AiKiDo AiKiDo \u00abLa victoire au d\u00e9triment des autres n&rsquo;est pas une vraie victoire. Vaincre, c&rsquo;est remporter la victoire sur l&rsquo;esprit de discorde qui r\u00e8gne en soi. L&rsquo;a\u00efki n&rsquo;est pas une technique pour combattre ou battre un ennemi. C&rsquo;est un moyen de r\u00e9concilier le monde et de faire des hommes une seule famille.\u00bb \u2013 Morihei Ueshiba \u00abLa victoire au d\u00e9triment des autres n&rsquo;est pas une vraie victoire. Vaincre, c&rsquo;est remporter la victoire sur l&rsquo;esprit de discorde qui r\u00e8gne en soi. L&rsquo;a\u00efki n&rsquo;est pas une technique pour combattre ou battre un ennemi. C&rsquo;est un moyen de r\u00e9concilier le monde et de faire des hommes une seule famille.\u00bb \u2013 Morihei Ueshiba L&rsquo;a\u00efkido est un art martial japonais d\u00e9velopp\u00e9 par O Sensei Morihei Ueshiba (14.12.1883 &#8211; 26.4.1969). L&rsquo;ACSA (Assocation Culturelle Suisse d&rsquo;A\u00efkido) est l&rsquo;a\u00efkika\u00ef de Suisse et est directement rattach\u00e9e au Hombu Dojo au Japon. Le Hombu Dojo est le dojo central du monde. Le petit-fils de O Sensei, Doshu Moriteru Ueshiba, ainsi que l&rsquo;arri\u00e8re-petit-fils, Waka Sensei Mitsuteru Ueshiba, enseignent entre autres dans ce lieu d&rsquo;entra\u00eenement. L&rsquo;a\u00efkido est un art martial japonais d\u00e9velopp\u00e9 par O Sensei Morihei Ueshiba (14.12.1883 &#8211; 26.4.1969). L&rsquo;ACSA (Assocation Culturelle Suisse d&rsquo;A\u00efkido) est l&rsquo;a\u00efkika\u00ef de Suisse et est directement rattach\u00e9e au Hombu Dojo au Japon. Le Hombu Dojo est le dojo central du monde. Le petit-fils de O Sensei, Doshu Moriteru Ueshiba, ainsi que l&rsquo;arri\u00e8re-petit-fils,&nbsp;Waka Sensei Mitsuteru Ueshiba, enseignent entre autres dans ce lieu d&rsquo;entra\u00eenement. ACSA Central OfficeCH-8307 EffretikonTel. +41 79 414 83 47 Suivez-nous Copyright 2023 \u00a9 CKMP<\/p>\n","protected":false},"author":1,"featured_media":0,"parent":0,"menu_order":0,"comment_status":"closed","ping_status":"closed","template":"","meta":{"footnotes":""},"class_list":["post-3592","page","type-page","status-publish","hentry"],"acf":[],"_links":{"self":[{"href":"https:\/\/www.aikikai.ch\/fr\/wp-json\/wp\/v2\/pages\/3592","targetHints":{"allow":["GET"]}}],"collection":[{"href":"https:\/\/www.aikikai.ch\/fr\/wp-json\/wp\/v2\/pages"}],"about":[{"href":"https:\/\/www.aikikai.ch\/fr\/wp-json\/wp\/v2\/types\/page"}],"author":[{"embeddable":true,"href":"https:\/\/www.aikikai.ch\/fr\/wp-json\/wp\/v2\/users\/1"}],"replies":[{"embeddable":true,"href":"https:\/\/www.aikikai.ch\/fr\/wp-json\/wp\/v2\/comments?post=3592"}],"version-history":[{"count":8,"href":"https:\/\/www.aikikai.ch\/fr\/wp-json\/wp\/v2\/pages\/3592\/revisions"}],"predecessor-version":[{"id":4073,"href":"https:\/\/www.aikikai.ch\/fr\/wp-json\/wp\/v2\/pages\/3592\/revisions\/4073"}],"wp:attachment":[{"href":"https:\/\/www.aikikai.ch\/fr\/wp-json\/wp\/v2\/media?parent=3592"}],"curies":[{"name":"wp","href":"https:\/\/api.w.org\/{rel}","templated":true}]}}