{"id":3583,"date":"2023-10-10T08:38:44","date_gmt":"2023-10-10T08:38:44","guid":{"rendered":"https:\/\/www.aikikai.ch\/university"},"modified":"2024-08-15T13:31:39","modified_gmt":"2024-08-15T13:31:39","slug":"education","status":"publish","type":"page","link":"https:\/\/www.aikikai.ch\/fr\/education","title":{"rendered":"\u00c9ducation"},"content":{"rendered":"<p><span><img decoding=\"async\" alt=\"\" data-id=\"3824\" width=\"1000\" data-init-width=\"1000\" height=\"245\" data-init-height=\"245\" title=\"header_mobile_FR\" loading=\"lazy\" src=\"https:\/\/www.aikikai.ch\/wp-content\/uploads\/2024\/08\/header_mobile_FR.png\" data-width=\"1000\" data-height=\"245\" style=\"aspect-ratio: auto 1000 \/ 245;\"><\/span><span><a href=\"https:\/\/acsa.ch\/\"><img decoding=\"async\" alt=\"\" data-id=\"64\" width=\"129\" data-init-width=\"280\" height=\"129\" data-init-height=\"280\" title=\"logoHD\" loading=\"lazy\" src=\"https:\/\/acsa.ch\/wp-content\/uploads\/2023\/06\/logoHD.png\" data-width=\"129\" data-height=\"129\" style=\"aspect-ratio: auto 280 \/ 280;\" data-link-wrap=\"true\"><\/a><\/span><\/p>\n<p><span style=\"--tcb-applied-color: var$(--tcb-color-0) !important; color: var(--tcb-color-0) !important;\">AIKIKAI SUISSE ACSA<\/span><strong><span style=\"font-size: 24px !important; --tcb-applied-color: var$(--tcb-color-4) !important; color: var(--tcb-color-4) !important;\">&nbsp; &nbsp; &nbsp; &nbsp; &nbsp; &nbsp; &nbsp; &nbsp; &nbsp; &nbsp; &nbsp; &nbsp; &nbsp; &nbsp; &nbsp; &nbsp; &nbsp;Association culturelle suisse d&rsquo;Aikido<\/span><\/strong><\/p>\n<h2 style=\"text-align: left;\"><strong>NEWS<\/strong><\/h2>\n<p><span>Search for:<\/span><span style=\"display: none;background-image:url(https:\/\/www.aikikai.ch\/wp-content\/plugins\/add-search-to-menu\/public\/images\/spinner.gif);\" ><\/span><span>Search Button<\/span><span><\/span><\/p>\n<h2><strong>L&rsquo;\u00e9ducation<\/strong><\/h2>\n<h2><strong>L&rsquo;\u00e9ducation<\/strong><\/h2>\n<h2 style=\"text-align: center;\"><strong>J+S<\/strong><\/h2>\n<h2><strong>J+S<\/strong><\/h2>\n<h2 style=\"text-align: center;\"><strong>Cours pour entra\u00eeneurs<\/strong><\/h2>\n<h2><strong>Cours pour entra\u00eeneurs<\/strong><\/h2>\n<\/p>\n<p><span><img decoding=\"async\" alt=\"\" data-id=\"64\" data-init-width=\"280\" data-init-height=\"280\" title=\"logoHD\" loading=\"lazy\" src=\"https:\/\/acsa.ch\/wp-content\/uploads\/2023\/06\/logoHD.png\" data-width=\"100\" style=\"aspect-ratio: auto 280 \/ 280;\" width=\"100\" height=\"100\" data-height=\"100\"><\/span><\/p>\n<p style=\"text-align: center; color: var(--tcb-color-6) !important; --tcb-applied-color: var$(--tcb-color-6) !important;\">ACSA Central OfficeCH-8307 <span style=\"--tcb-applied-color: var$(--tcb-color-6) !important;\">Effretikon<\/span>Tel. +41 79 414 83 47<\/p>\n<h4 style=\"text-align: center;\">Suivez-nous<\/h4>\n<p><a href=\"#\" target=\"_blank\" rel=\"nofollow noopener\" data-id=\"icon-facebook\"><span>                     <\/span><\/a><a href=\"#\" target=\"_blank\" rel=\"nofollow noopener\" data-id=\"icon-instagram\"><span>                     <\/span><\/a><a href=\"#\" target=\"_blank\" rel=\"nofollow noopener\" data-dynamic-link=\"thrive_author_url\" data-shortcode-id=\"0\" data-id=\"icon-link\"><span> <!--! Font Awesome Pro 6.1.1 by @fontawesome - https:\/\/fontawesome.com License - https:\/\/fontawesome.com\/license (Commercial License) Copyright 2022 Fonticons, Inc. --><\/span><\/a><\/p>\n<p style=\"text-align: center;\">Copyright 2023 \u00a9 CKMP<\/p>\n","protected":false},"excerpt":{"rendered":"<p>AIKIKAI SUISSE ACSA&nbsp; &nbsp; &nbsp; &nbsp; &nbsp; &nbsp; &nbsp; &nbsp; &nbsp; &nbsp; &nbsp; &nbsp; &nbsp; &nbsp; &nbsp; &nbsp; &nbsp;Association culturelle suisse d&rsquo;Aikido NEWS Search for:Search Button L&rsquo;\u00e9ducation L&rsquo;\u00e9ducation J+S J+S Cours pour entra\u00eeneurs Cours pour entra\u00eeneurs ACSA Central OfficeCH-8307 EffretikonTel. +41 79 414 83 47 Suivez-nous Copyright 2023 \u00a9 CKMP<\/p>\n","protected":false},"author":1,"featured_media":0,"parent":0,"menu_order":0,"comment_status":"closed","ping_status":"closed","template":"","meta":{"footnotes":""},"class_list":["post-3583","page","type-page","status-publish","hentry"],"acf":[],"_links":{"self":[{"href":"https:\/\/www.aikikai.ch\/fr\/wp-json\/wp\/v2\/pages\/3583","targetHints":{"allow":["GET"]}}],"collection":[{"href":"https:\/\/www.aikikai.ch\/fr\/wp-json\/wp\/v2\/pages"}],"about":[{"href":"https:\/\/www.aikikai.ch\/fr\/wp-json\/wp\/v2\/types\/page"}],"author":[{"embeddable":true,"href":"https:\/\/www.aikikai.ch\/fr\/wp-json\/wp\/v2\/users\/1"}],"replies":[{"embeddable":true,"href":"https:\/\/www.aikikai.ch\/fr\/wp-json\/wp\/v2\/comments?post=3583"}],"version-history":[{"count":6,"href":"https:\/\/www.aikikai.ch\/fr\/wp-json\/wp\/v2\/pages\/3583\/revisions"}],"predecessor-version":[{"id":3964,"href":"https:\/\/www.aikikai.ch\/fr\/wp-json\/wp\/v2\/pages\/3583\/revisions\/3964"}],"wp:attachment":[{"href":"https:\/\/www.aikikai.ch\/fr\/wp-json\/wp\/v2\/media?parent=3583"}],"curies":[{"name":"wp","href":"https:\/\/api.w.org\/{rel}","templated":true}]}}