{"id":3548,"date":"2023-10-17T11:16:02","date_gmt":"2023-10-17T11:16:02","guid":{"rendered":"https:\/\/www.aikikai.ch\/promotionsrat"},"modified":"2025-10-01T08:58:36","modified_gmt":"2025-10-01T08:58:36","slug":"conseil-de-promotion","status":"publish","type":"page","link":"https:\/\/www.aikikai.ch\/fr\/conseil-de-promotion","title":{"rendered":"Conseil de promotion"},"content":{"rendered":"<p><span><img decoding=\"async\" alt=\"\" data-id=\"764\" width=\"1000\" data-init-width=\"1000\" height=\"245\" data-init-height=\"245\" title=\"header_mobile2\" loading=\"lazy\" src=\"https:\/\/acsa.ch\/wp-content\/uploads\/2023\/10\/header_mobile2.png\" data-width=\"1000\" data-height=\"245\" style=\"aspect-ratio: auto 1000 \/ 245;\"><\/span><span><a href=\"https:\/\/acsa.ch\/\"><img decoding=\"async\" alt=\"\" data-id=\"64\" width=\"129\" data-init-width=\"280\" height=\"129\" data-init-height=\"280\" title=\"logoHD\" loading=\"lazy\" src=\"https:\/\/acsa.ch\/wp-content\/uploads\/2023\/06\/logoHD.png\" data-width=\"129\" data-height=\"129\" style=\"aspect-ratio: auto 280 \/ 280;\" data-link-wrap=\"true\"><\/a><\/span><\/p>\n<p style=\"\"><span style=\"--tcb-applied-color: var$(--tcb-color-0) !important; color: var(--tcb-color-0) !important;\">AIKIKAI SUISSE<\/span><span style=\"--tcb-applied-color: var$(--tcb-color-0) !important; color: var(--tcb-color-0) !important;\">ACSA<\/span><strong><span style=\"font-size: 24px !important; --tcb-applied-color: var$(--tcb-color-4) !important; color: var(--tcb-color-4) !important;\">&nbsp; &nbsp; &nbsp; &nbsp; &nbsp; &nbsp; &nbsp; &nbsp; &nbsp; &nbsp; &nbsp; &nbsp; &nbsp; &nbsp; &nbsp; &nbsp; &nbsp;Association culturelle suisse d&rsquo;a\u00efkido<\/span><\/strong><\/p>\n<h2 style=\"text-align: left;\"><strong>NEWS<\/strong><\/h2>\n<p><span>Search for :<\/span><span style=\"display: none;background-image:url(https:\/\/www.aikikai.ch\/wp-content\/plugins\/add-search-to-menu\/public\/images\/spinner.gif);\"><\/span><span>Bouton de recherche<\/span><span><\/span><\/p>\n<h2><strong>Conseil de promotion<\/strong><\/h2>\n<h2><strong>Conseil de promotion<\/strong><\/h2>\n<h2 style=\"text-align: left; color: var(--tcb-color-0) !important; --tcb-applied-color: var$(--tcb-color-0) !important;\"><strong>Le conseil de promotion se compose de sept porteurs de dan de haut niveau (6e dan \/ 7e dan) qui se relaient.<\/strong><\/h2>\n<p style=\"text-align: left;\">En ce moment, il s&rsquo;agit de<\/p>\n<p><a href=\"https:\/\/www.aikidoschule-moossee.ch\/\" target=\"_blank\" rel=\"nofollow\"><\/a><\/p>\n<p style=\"\"><strong>Heuscher Fritz, 7. Dan, Aikido Schule Langenthal | Langenthal<\/strong><\/p>\n<p><a href=\"https:\/\/shobukai.ch\/\" target=\"_blank\" rel=\"nofollow\"><\/a><\/p>\n<p style=\"\"><strong>Schmocker Roger, 7. Dan, Shobukai Aikido &amp; Kobudo | Romanshorn<\/strong><\/p>\n<p><a href=\"https:\/\/shobukai.ch\/\" target=\"_blank\" rel=\"nofollow\"><\/a><\/p>\n<p style=\"\"><strong>Dragisa Jocic, 7. Dan, Aikido Schule Bern | Bern<\/strong><\/p>\n<p><a href=\"https:\/\/aikidojo.ch\/\" target=\"_blank\" rel=\"nofollow\"><\/a><\/p>\n<p style=\"\"><strong>Aepli Urs, 6. Dan, Aikido Dojo Baar | <\/strong><strong><br \/>\n  <span style=\"--tcb-applied-color: var$(--tcb-color-0) !important; color: var(--tcb-color-0) !important;\">Baar<\/span><br \/>\n<\/strong><\/p>\n<p><a href=\"https:\/\/budo-club.ch\/aikido\/\" target=\"_blank\" rel=\"nofollow\"><\/a><\/p>\n<p style=\"\"><strong>M\u00fcller Christoph, 6. Dan, Aikido Dojo Thun | Thun<\/strong><\/p>\n<p><a href=\"https:\/\/aikido-ikeda.ch\/\" target=\"_blank\" rel=\"nofollow\"><\/a><\/p>\n<p style=\"\"><strong>Dettling Hans Peter, 6. Dan, Aikido Dojo Thun<strong>&nbsp;| Thun<\/strong><\/strong><\/p>\n<p><a href=\"https:\/\/aikido-ikeda.ch\/\" target=\"_blank\" rel=\"nofollow\"><\/a><\/p>\n<p style=\"\"><strong>Urs Wilhelm, 6. Dan, Aikido Wald<strong>&nbsp;| Wald<\/strong><\/strong><\/p>\n<p style=\"text-align: left;\"><strong>Correspondance et infos \u00e0 adresser \u00e0 :<\/strong><\/p>\n<p style=\"text-align: left;\"><span style=\"font-family: Lato;\"><\/span><strong><br \/>\n  <span style=\"font-family: Lato; font-weight: 400;\">Technique&nbsp;<\/span><br \/>\n<\/strong><span style=\"font-family: Lato;\">Secr\u00e9taire<\/span><strong><br \/>\n  <span style=\"font-family: Lato; font-weight: 400;\"> ACSARenata JocicSternenmatte 7CH-3065 Bolligen<\/span><br \/>\n<\/strong><\/p>\n<p><span><img decoding=\"async\" alt=\"\" data-id=\"346\" width=\"300\" data-init-width=\"280\" height=\"300\" data-init-height=\"280\" title=\"logoHD\" loading=\"lazy\" src=\"https:\/\/acsa.ch\/wp-content\/uploads\/2023\/08\/logoHD.png\" data-width=\"300\" data-height=\"300\" style=\"aspect-ratio: auto 280 \/ 280;\"><\/span><\/p>\n<p style=\"text-align: center;\"><strong>Correspondance et infos \u00e0 adresser \u00e0 :<\/strong><\/p>\n<p style=\"text-align: center;\"><span style=\"font-family: Lato;\"><\/span><strong><br \/>\n  <span style=\"font-family: Lato; font-weight: 400;\">Technique&nbsp;<\/span><br \/>\n<\/strong><span style=\"font-family: Lato;\">Secr\u00e9taire<\/span><strong><br \/>\n  <span style=\"font-family: Lato; font-weight: 400;\"> ACSARenata JocicSternenmatte 7CH-3065 Bolligen<\/span><br \/>\n<\/strong><\/p>\n<\/p>\n<p><span><img decoding=\"async\" alt=\"\" data-id=\"64\" data-init-width=\"280\" data-init-height=\"280\" title=\"logoHD\" loading=\"lazy\" src=\"https:\/\/acsa.ch\/wp-content\/uploads\/2023\/06\/logoHD.png\" data-width=\"100\" style=\"aspect-ratio: auto 280 \/ 280;\" width=\"100\" height=\"100\" data-height=\"100\"><\/span><\/p>\n<p style=\"text-align: center; color: var(--tcb-color-6) !important; --tcb-applied-color: var$(--tcb-color-6) !important;\">ACSA Central OfficeCH-8307 <span style=\"--tcb-applied-color: var$(--tcb-color-6) !important;\">EffretikonT\u00e9l<\/span>. +41 79 414 83 47<\/p>\n<h4 style=\"text-align: center;\">Suivez-nous<\/h4>\n<p><a href=\"#\" target=\"_blank\" rel=\"nofollow\" data-id=\"icon-facebook\"><span>                     <\/span><\/a><a href=\"#\" target=\"_blank\" rel=\"nofollow\" data-id=\"icon-instagram\"><span>                     <\/span><\/a><a href=\"#\" target=\"_blank\" rel=\"nofollow\" data-dynamic-link=\"thrive_author_url\" data-shortcode-id=\"0\" data-id=\"icon-link\"><span> <!--! Font Awesome Pro 6.1.1 by @fontawesome - https:\/\/fontawesome.com License - https:\/\/fontawesome.com\/license (Commercial License) Copyright 2022 Fonticons, Inc. --><\/span><\/a><\/p>\n<p style=\"text-align: center;\">Copyright 2023 \u00a9 CKMP<\/p>\n","protected":false},"excerpt":{"rendered":"<p>AIKIKAI SUISSEACSA&nbsp; &nbsp; &nbsp; &nbsp; &nbsp; &nbsp; &nbsp; &nbsp; &nbsp; &nbsp; &nbsp; &nbsp; &nbsp; &nbsp; &nbsp; &nbsp; &nbsp;Association culturelle suisse d&rsquo;a\u00efkido NEWS Search for :Bouton de recherche Conseil de promotion Conseil de promotion Le conseil de promotion se compose de sept porteurs de dan de haut niveau (6e dan \/ 7e dan) qui se relaient. En ce moment, il s&rsquo;agit de Heuscher Fritz, 7. Dan, Aikido Schule Langenthal | Langenthal Schmocker Roger, 7. Dan, Shobukai Aikido &amp; Kobudo | Romanshorn Dragisa Jocic, 7. Dan, Aikido Schule Bern | Bern Aepli Urs, 6. Dan, Aikido Dojo Baar | Baar M\u00fcller Christoph, 6. Dan, Aikido Dojo Thun | Thun Dettling Hans Peter, 6. Dan, Aikido Dojo Thun&nbsp;| Thun Urs Wilhelm, 6. Dan, Aikido Wald&nbsp;| Wald Correspondance et infos \u00e0 adresser \u00e0 : Technique&nbsp; Secr\u00e9taire ACSARenata JocicSternenmatte 7CH-3065 Bolligen Correspondance et infos \u00e0 adresser \u00e0 : Technique&nbsp; Secr\u00e9taire ACSARenata JocicSternenmatte 7CH-3065 Bolligen ACSA Central OfficeCH-8307 EffretikonT\u00e9l. +41 79 414 83 47 Suivez-nous Copyright 2023 \u00a9 CKMP<\/p>\n","protected":false},"author":1,"featured_media":0,"parent":0,"menu_order":0,"comment_status":"closed","ping_status":"closed","template":"","meta":{"footnotes":""},"class_list":["post-3548","page","type-page","status-publish","hentry"],"acf":[],"_links":{"self":[{"href":"https:\/\/www.aikikai.ch\/fr\/wp-json\/wp\/v2\/pages\/3548","targetHints":{"allow":["GET"]}}],"collection":[{"href":"https:\/\/www.aikikai.ch\/fr\/wp-json\/wp\/v2\/pages"}],"about":[{"href":"https:\/\/www.aikikai.ch\/fr\/wp-json\/wp\/v2\/types\/page"}],"author":[{"embeddable":true,"href":"https:\/\/www.aikikai.ch\/fr\/wp-json\/wp\/v2\/users\/1"}],"replies":[{"embeddable":true,"href":"https:\/\/www.aikikai.ch\/fr\/wp-json\/wp\/v2\/comments?post=3548"}],"version-history":[{"count":11,"href":"https:\/\/www.aikikai.ch\/fr\/wp-json\/wp\/v2\/pages\/3548\/revisions"}],"predecessor-version":[{"id":5563,"href":"https:\/\/www.aikikai.ch\/fr\/wp-json\/wp\/v2\/pages\/3548\/revisions\/5563"}],"wp:attachment":[{"href":"https:\/\/www.aikikai.ch\/fr\/wp-json\/wp\/v2\/media?parent=3548"}],"curies":[{"name":"wp","href":"https:\/\/api.w.org\/{rel}","templated":true}]}}