{"id":3498,"date":"2023-10-10T13:49:05","date_gmt":"2023-10-10T13:49:05","guid":{"rendered":"https:\/\/www.aikikai.ch\/vorstand"},"modified":"2025-09-22T12:41:59","modified_gmt":"2025-09-22T12:41:59","slug":"vorstand","status":"publish","type":"page","link":"https:\/\/www.aikikai.ch\/fr\/vorstand","title":{"rendered":"Vorstand"},"content":{"rendered":"<p><span><img decoding=\"async\" alt=\"\" data-id=\"764\" width=\"1000\" data-init-width=\"1000\" height=\"245\" data-init-height=\"245\" title=\"header_mobile2\" loading=\"lazy\" src=\"https:\/\/acsa.ch\/wp-content\/uploads\/2023\/10\/header_mobile2.png\" data-width=\"1000\" data-height=\"245\" style=\"aspect-ratio: auto 1000 \/ 245;\"><\/span><span><a href=\"https:\/\/acsa.ch\/\"><img decoding=\"async\" alt=\"\" data-id=\"64\" width=\"129\" data-init-width=\"280\" height=\"129\" data-init-height=\"280\" title=\"logoHD\" loading=\"lazy\" src=\"https:\/\/acsa.ch\/wp-content\/uploads\/2023\/06\/logoHD.png\" data-width=\"129\" data-height=\"129\" style=\"aspect-ratio: auto 280 \/ 280;\" data-link-wrap=\"true\"><\/a><\/span><\/p>\n<p style=\"\"><span style=\"--tcb-applied-color: var$(--tcb-color-0) !important; color: var(--tcb-color-0) !important;\">AIKIKAI SCHWEIZ<\/span><span style=\"--tcb-applied-color: var$(--tcb-color-0) !important; color: var(--tcb-color-0) !important;\">ACSA<\/span><strong><span style=\"font-size: 24px !important; --tcb-applied-color: var$(--tcb-color-4) !important; color: var(--tcb-color-4) !important;\">&nbsp; &nbsp; &nbsp; &nbsp; &nbsp; &nbsp; &nbsp; &nbsp; &nbsp; &nbsp; &nbsp; &nbsp; &nbsp; &nbsp; &nbsp; &nbsp; &nbsp;Kulturelle Vereinigung der Schweiz f\u00fcr Aikido<\/span><\/strong><\/p>\n<h2 style=\"text-align: left;\"><strong>NEWS<\/strong><\/h2>\n<p><span>Search for:<\/span><span style=\"display: none;background-image:url(https:\/\/www.aikikai.ch\/wp-content\/plugins\/add-search-to-menu\/public\/images\/spinner.gif);\" ><\/span><span>Search Button<\/span><span><\/span><\/p>\n<h2><strong>ACSA Vorstand<\/strong><\/h2>\n<h2><strong>ACSA Vorstand<\/strong><\/h2>\n<h2 style=\"text-align: right;\"><strong>Fritz Heuscher<\/strong><\/h2>\n<p style=\"text-align: right;\"><strong>Pr\u00e4sident<\/strong><\/p>\n<p><span><img decoding=\"async\" alt=\"\" data-id=\"217\" width=\"300\" data-init-width=\"1112\" height=\"375\" data-init-height=\"1390\" title=\"fritz_heuscher-de596a73e2d32f8g80cc30df2efc33b9@2x\" loading=\"lazy\" src=\"https:\/\/acsa.ch\/wp-content\/uploads\/2023\/07\/fritz_heuscher-de596a73e2d32f8g80cc30df2efc33b9@2x.jpg\" data-width=\"300\" data-height=\"375\" style=\"aspect-ratio: auto 1112 \/ 1390;\"><\/span><\/p>\n<h2 style=\"text-align: center;\"><strong>Fritz Heuscher<\/strong><\/h2>\n<p style=\"text-align: center;\"><strong>Pr\u00e4sident<\/strong><\/p>\n<p><span><img decoding=\"async\" alt=\"\" data-id=\"217\" width=\"300\" data-init-width=\"1112\" height=\"375\" data-init-height=\"1390\" title=\"fritz_heuscher-de596a73e2d32f8g80cc30df2efc33b9@2x\" loading=\"lazy\" src=\"https:\/\/acsa.ch\/wp-content\/uploads\/2023\/07\/fritz_heuscher-de596a73e2d32f8g80cc30df2efc33b9@2x.jpg\" data-width=\"300\" data-height=\"375\" style=\"aspect-ratio: auto 1112 \/ 1390;\"><\/span><\/p>\n<h2 style=\"text-align: left;\"><strong>J\u00fcrg Kohler<\/strong><\/h2>\n<p style=\"text-align: left; color: var(--tcb-color-2) !important; --tcb-applied-color: var$(--tcb-color-2) !important;\"><strong><strong>Vizepr\u00e4sident<\/strong><\/strong><\/p>\n<p><span style=\"\"><img decoding=\"async\" alt=\"\" data-id=\"3169\" width=\"202\" data-init-width=\"535\" height=\"202\" data-init-height=\"535\" title=\"jurg-kohler\" loading=\"lazy\" src=\"https:\/\/www.aikikai.ch\/wp-content\/uploads\/2024\/05\/jurg-kohler.jpg\" data-width=\"202\" data-height=\"202\" style=\"aspect-ratio: auto 535 \/ 535;\" ml-d=\"0\" mt-d=\"-7.039099999999998\"><\/span><\/p>\n<h2 style=\"text-align: center;\"><strong>J\u00fcrg Kohler<\/strong><\/h2>\n<p style=\"text-align: center; color: var(--tcb-color-2) !important; --tcb-applied-color: var$(--tcb-color-2) !important;\"><strong><strong><strong><strong>Vizepr\u00e4sident<\/strong><\/strong><\/strong><\/strong><\/p>\n<p><span style=\"\"><img decoding=\"async\" alt=\"\" data-id=\"3169\" width=\"290\" data-init-width=\"535\" height=\"290\" data-init-height=\"535\" title=\"jurg-kohler\" loading=\"lazy\" src=\"https:\/\/www.aikikai.ch\/wp-content\/uploads\/2024\/05\/jurg-kohler.jpg\" data-width=\"290\" data-height=\"290\" style=\"aspect-ratio: auto 535 \/ 535;\" ml-d=\"0\" mt-d=\"-7.039099999999998\" mt-m=\"-7\" center-v-m=\"false\"><\/span><\/p>\n<h2 style=\"text-align: right;\"><strong>Susi Battistel<\/strong><\/h2>\n<p style=\"text-align: right;\"><strong>Zentralsekretariat<\/strong><\/p>\n<p><span style=\"\"><img decoding=\"async\" alt=\"\" data-id=\"933\" width=\"290\" data-init-width=\"701\" height=\"414\" data-init-height=\"1000\" title=\"Susi_Battistel_2015-min\" loading=\"lazy\" src=\"https:\/\/acsa.ch\/wp-content\/uploads\/2023\/10\/Susi_Battistel_2015-min.jpg\" data-width=\"290\" data-height=\"414\" style=\"aspect-ratio: auto 701 \/ 1000;\" ml-d=\"0\" mt-d=\"-7.039099999999998\"><\/span><\/p>\n<h2 style=\"text-align: center;\"><strong>Susi Battistel<\/strong><\/h2>\n<p style=\"text-align: center;\"><strong>Zentralsekretariat<\/strong><\/p>\n<p><span style=\"\"><img decoding=\"async\" alt=\"\" data-id=\"933\" width=\"290\" data-init-width=\"701\" height=\"414\" data-init-height=\"1000\" title=\"Susi_Battistel_2015-min\" loading=\"lazy\" src=\"https:\/\/acsa.ch\/wp-content\/uploads\/2023\/10\/Susi_Battistel_2015-min.jpg\" data-width=\"290\" data-height=\"414\" style=\"aspect-ratio: auto 701 \/ 1000;\" ml-d=\"0\" mt-d=\"-7.039099999999998\" mt-m=\"-7\" center-v-m=\"false\"><\/span><\/p>\n<h2 style=\"text-align: left;\"><strong>Renata Jocic<\/strong><\/h2>\n<p style=\"text-align: left; color: var(--tcb-color-2) !important; --tcb-applied-color: var$(--tcb-color-2) !important;\"><strong><strong>Technisches Sekretariat<\/strong><\/strong><\/p>\n<p><span><img decoding=\"async\" alt=\"\" data-id=\"938\" width=\"300\" data-init-width=\"706\" height=\"428\" data-init-height=\"1007\" title=\"Renata_Jocic_2014_44-min\" loading=\"lazy\" src=\"https:\/\/acsa.ch\/wp-content\/uploads\/2023\/10\/Renata_Jocic_2014_44-min.jpg\" data-width=\"300\" data-height=\"428\" style=\"aspect-ratio: auto 706 \/ 1007;\"><\/span><\/p>\n<h2 style=\"text-align: center;\"><strong>Renata Jocic<\/strong><\/h2>\n<p style=\"text-align: center; color: var(--tcb-color-2) !important; --tcb-applied-color: var$(--tcb-color-2) !important;\"><strong><strong>Technisches Sekretariat<\/strong><\/strong><\/p>\n<p><span><img decoding=\"async\" alt=\"\" data-id=\"938\" width=\"300\" data-init-width=\"706\" height=\"428\" data-init-height=\"1007\" title=\"Renata_Jocic_2014_44-min\" loading=\"lazy\" src=\"https:\/\/acsa.ch\/wp-content\/uploads\/2023\/10\/Renata_Jocic_2014_44-min.jpg\" data-width=\"300\" data-height=\"428\" style=\"aspect-ratio: auto 706 \/ 1007;\"><\/span><\/p>\n<h2 style=\"text-align: right;\"><strong>Stefan Beyeler<\/strong><\/h2>\n<p style=\"text-align: right;\"><strong>Finanzen<\/strong><\/p>\n<p><span style=\"\"><img decoding=\"async\" alt=\"\" data-id=\"941\" width=\"341\" data-init-width=\"1280\" height=\"341\" data-init-height=\"1280\" title=\"Stefan Beyeler-min\" loading=\"lazy\" src=\"https:\/\/acsa.ch\/wp-content\/uploads\/2023\/10\/Stefan-Beyeler-min.jpeg\" data-width=\"341\" data-height=\"341\" style=\"aspect-ratio: auto 1280 \/ 1280;\" ml-d=\"0\" mt-d=\"0\" center-h-d=\"false\"><\/span><\/p>\n<h2 style=\"text-align: center;\"><strong>Stefan Beyeler<\/strong><\/h2>\n<p style=\"text-align: center;\"><strong>Finanzen<\/strong><\/p>\n<p><span style=\"\"><img decoding=\"async\" alt=\"\" data-id=\"941\" width=\"341\" data-init-width=\"1280\" height=\"341\" data-init-height=\"1280\" title=\"Stefan Beyeler-min\" loading=\"lazy\" src=\"https:\/\/acsa.ch\/wp-content\/uploads\/2023\/10\/Stefan-Beyeler-min.jpeg\" data-width=\"341\" data-height=\"341\" style=\"aspect-ratio: auto 1280 \/ 1280;\" ml-d=\"0\" mt-d=\"0\" center-h-d=\"false\" ml-m=\"-2.796900000000001\" mt-m=\"0\"><\/span><\/p>\n<h2 style=\"text-align: left;\">Stv. Thomas Mata<\/h2>\n<p style=\"text-align: left; color: var(--tcb-color-2) !important; --tcb-applied-color: var$(--tcb-color-2) !important;\"><strong><strong>Education<\/strong><\/strong><\/p>\n<p><span><img decoding=\"async\" alt=\"\" data-id=\"64\" width=\"374\" data-init-width=\"280\" height=\"374\" data-init-height=\"280\" title=\"logoHD\" loading=\"lazy\" src=\"https:\/\/www.aikikai.ch\/wp-content\/uploads\/2023\/06\/logoHD.png\" data-width=\"374\" data-height=\"374\" style=\"aspect-ratio: auto 280 \/ 280;\"><\/span><\/p>\n<h2 style=\"text-align: center;\"><strong>Colin Guthrie King<\/strong><\/h2>\n<p style=\"text-align: center; color: var(--tcb-color-2) !important; --tcb-applied-color: var$(--tcb-color-2) !important;\"><strong><strong>Education<\/strong><\/strong><\/p>\n<p><span><img decoding=\"async\" alt=\"\" data-id=\"942\" width=\"300\" data-init-width=\"750\" height=\"400\" data-init-height=\"1000\" title=\"King_Colin_Guthrie-min\" loading=\"lazy\" src=\"https:\/\/acsa.ch\/wp-content\/uploads\/2023\/10\/King_Colin_Guthrie-min.jpg\" data-width=\"300\" data-height=\"400\" style=\"aspect-ratio: auto 750 \/ 1000;\"><\/span><\/p>\n<h2 style=\"text-align: right;\"><strong>Andreas Schneider<\/strong><\/h2>\n<p style=\"text-align: right;\"><strong>Organisation Stage<\/strong><\/p>\n<p><span style=\"\"><img decoding=\"async\" alt=\"\" data-id=\"943\" width=\"351\" data-init-width=\"753\" height=\"501\" data-init-height=\"1074\" title=\"Andreas_Schneider_2014_25-min\" loading=\"lazy\" src=\"https:\/\/acsa.ch\/wp-content\/uploads\/2023\/10\/Andreas_Schneider_2014_25-min.jpg\" data-width=\"351\" data-height=\"501\" style=\"aspect-ratio: auto 753 \/ 1074;\" ml-d=\"0\" mt-d=\"-93.89900000000003\" center-h-d=\"false\"><\/span><\/p>\n<h2 style=\"text-align: center;\"><strong>Andreas Schneider<\/strong><\/h2>\n<p style=\"text-align: center;\"><strong>Organisation Stage<\/strong><\/p>\n<p><span style=\"\"><img decoding=\"async\" alt=\"\" data-id=\"943\" width=\"351\" data-init-width=\"753\" height=\"501\" data-init-height=\"1074\" title=\"Andreas_Schneider_2014_25-min\" loading=\"lazy\" src=\"https:\/\/acsa.ch\/wp-content\/uploads\/2023\/10\/Andreas_Schneider_2014_25-min.jpg\" data-width=\"351\" data-height=\"501\" style=\"aspect-ratio: auto 753 \/ 1074;\" ml-d=\"0\" mt-d=\"-93.89900000000003\" center-h-d=\"false\" mt-m=\"-1.25781\" ml-m=\"0\"><\/span><\/p>\n<h2 style=\"text-align: left;\"><strong>Thomas Mata<\/strong><\/h2>\n<p style=\"text-align: left; color: var(--tcb-color-2) !important; --tcb-applied-color: var$(--tcb-color-2) !important;\"><strong><strong>PR-Representive<\/strong><\/strong><\/p>\n<p><span><img decoding=\"async\" alt=\"\" data-id=\"944\" width=\"300\" data-init-width=\"640\" height=\"375\" data-init-height=\"800\" title=\"thomasIMG_4911-min\" loading=\"lazy\" src=\"https:\/\/acsa.ch\/wp-content\/uploads\/2023\/10\/thomasIMG_4911-min.jpeg\" data-width=\"300\" data-height=\"375\" style=\"aspect-ratio: auto 640 \/ 800;\"><\/span><\/p>\n<h2 style=\"text-align: center;\"><strong>Thomas Mata<\/strong><\/h2>\n<p style=\"text-align: center; color: var(--tcb-color-2) !important; --tcb-applied-color: var$(--tcb-color-2) !important;\"><strong><strong>PR-Representive<\/strong><\/strong><\/p>\n<p><span><img decoding=\"async\" alt=\"\" data-id=\"944\" width=\"300\" data-init-width=\"640\" height=\"375\" data-init-height=\"800\" title=\"thomasIMG_4911-min\" loading=\"lazy\" src=\"https:\/\/acsa.ch\/wp-content\/uploads\/2023\/10\/thomasIMG_4911-min.jpeg\" data-width=\"300\" data-height=\"375\" style=\"aspect-ratio: auto 640 \/ 800;\"><\/span><\/p>\n<p><span><img decoding=\"async\" alt=\"\" data-id=\"64\" data-init-width=\"280\" data-init-height=\"280\" title=\"logoHD\" loading=\"lazy\" src=\"https:\/\/acsa.ch\/wp-content\/uploads\/2023\/06\/logoHD.png\" data-width=\"100\" style=\"aspect-ratio: auto 280 \/ 280;\" width=\"100\" height=\"100\" data-height=\"100\"><\/span><\/p>\n<p style=\"text-align: center; color: var(--tcb-color-6) !important; --tcb-applied-color: var$(--tcb-color-6) !important;\">ACSA Central OfficeCH-8307 <span style=\"--tcb-applied-color: var$(--tcb-color-6) !important;\">Effretikon<\/span>Tel. +41 79 414 83 47<\/p>\n<h4 style=\"text-align: center;\">Folge Uns<\/h4>\n<p><a href=\"#\" target=\"_blank\" rel=\"nofollow\" data-id=\"icon-facebook\"><span>                     <\/span><\/a><a href=\"#\" target=\"_blank\" rel=\"nofollow\" data-id=\"icon-instagram\"><span>                     <\/span><\/a><a href=\"#\" target=\"_blank\" rel=\"nofollow\" data-dynamic-link=\"thrive_author_url\" data-shortcode-id=\"0\" data-id=\"icon-link\"><span> <!--! Font Awesome Pro 6.1.1 by @fontawesome - https:\/\/fontawesome.com License - https:\/\/fontawesome.com\/license (Commercial License) Copyright 2022 Fonticons, Inc. --><\/span><\/a><\/p>\n<p style=\"text-align: center;\">Copyright 2023 \u00a9 CKMP<\/p>\n","protected":false},"excerpt":{"rendered":"<p>AIKIKAI SCHWEIZACSA&nbsp; &nbsp; &nbsp; &nbsp; &nbsp; &nbsp; &nbsp; &nbsp; &nbsp; &nbsp; &nbsp; &nbsp; &nbsp; &nbsp; &nbsp; &nbsp; &nbsp;Kulturelle Vereinigung der Schweiz f\u00fcr Aikido NEWS Search for:Search Button ACSA Vorstand ACSA Vorstand Fritz Heuscher Pr\u00e4sident Fritz Heuscher Pr\u00e4sident J\u00fcrg Kohler Vizepr\u00e4sident J\u00fcrg Kohler Vizepr\u00e4sident Susi Battistel Zentralsekretariat Susi Battistel Zentralsekretariat Renata Jocic Technisches Sekretariat Renata Jocic Technisches Sekretariat Stefan Beyeler Finanzen Stefan Beyeler Finanzen Stv. Thomas Mata Education Colin Guthrie King Education Andreas Schneider Organisation Stage Andreas Schneider Organisation Stage Thomas Mata PR-Representive Thomas Mata PR-Representive ACSA Central OfficeCH-8307 EffretikonTel. +41 79 414 83 47 Folge Uns Copyright 2023 \u00a9 CKMP<\/p>\n","protected":false},"author":1,"featured_media":0,"parent":0,"menu_order":0,"comment_status":"closed","ping_status":"closed","template":"","meta":{"footnotes":""},"class_list":["post-3498","page","type-page","status-publish","hentry"],"acf":[],"_links":{"self":[{"href":"https:\/\/www.aikikai.ch\/fr\/wp-json\/wp\/v2\/pages\/3498","targetHints":{"allow":["GET"]}}],"collection":[{"href":"https:\/\/www.aikikai.ch\/fr\/wp-json\/wp\/v2\/pages"}],"about":[{"href":"https:\/\/www.aikikai.ch\/fr\/wp-json\/wp\/v2\/types\/page"}],"author":[{"embeddable":true,"href":"https:\/\/www.aikikai.ch\/fr\/wp-json\/wp\/v2\/users\/1"}],"replies":[{"embeddable":true,"href":"https:\/\/www.aikikai.ch\/fr\/wp-json\/wp\/v2\/comments?post=3498"}],"version-history":[{"count":14,"href":"https:\/\/www.aikikai.ch\/fr\/wp-json\/wp\/v2\/pages\/3498\/revisions"}],"predecessor-version":[{"id":5508,"href":"https:\/\/www.aikikai.ch\/fr\/wp-json\/wp\/v2\/pages\/3498\/revisions\/5508"}],"wp:attachment":[{"href":"https:\/\/www.aikikai.ch\/fr\/wp-json\/wp\/v2\/media?parent=3498"}],"curies":[{"name":"wp","href":"https:\/\/api.w.org\/{rel}","templated":true}]}}