{"id":3475,"date":"2023-10-10T08:38:13","date_gmt":"2023-10-10T08:38:13","guid":{"rendered":"https:\/\/www.aikikai.ch\/events"},"modified":"2025-10-01T08:43:45","modified_gmt":"2025-10-01T08:43:45","slug":"events","status":"publish","type":"page","link":"https:\/\/www.aikikai.ch\/fr\/events","title":{"rendered":"\u00c9v\u00e9nements"},"content":{"rendered":"<p><span><img decoding=\"async\" alt=\"\" data-id=\"764\" width=\"1000\" data-init-width=\"1000\" height=\"245\" data-init-height=\"245\" title=\"header_mobile2\" loading=\"lazy\" src=\"https:\/\/acsa.ch\/wp-content\/uploads\/2023\/10\/header_mobile2.png\" data-width=\"1000\" data-height=\"245\" style=\"aspect-ratio: auto 1000 \/ 245;\"><\/span><span><a href=\"https:\/\/acsa.ch\/\"><img decoding=\"async\" alt=\"\" data-id=\"64\" width=\"129\" data-init-width=\"280\" height=\"129\" data-init-height=\"280\" title=\"logoHD\" loading=\"lazy\" src=\"https:\/\/acsa.ch\/wp-content\/uploads\/2023\/06\/logoHD.png\" data-width=\"129\" data-height=\"129\" style=\"aspect-ratio: auto 280 \/ 280;\" data-link-wrap=\"true\"><\/a><\/span><\/p>\n<p style=\"\"><span style=\"--tcb-applied-color: var$(--tcb-color-0) !important; color: var(--tcb-color-0) !important;\">AIKIKAI SUISSE<\/span><span style=\"--tcb-applied-color: var$(--tcb-color-0) !important; color: var(--tcb-color-0) !important;\">ACSA<\/span><strong><br \/>\n  <span style=\"font-size: 24px !important; --tcb-applied-color: var$(--tcb-color-4) !important; color: var(--tcb-color-4) !important;\">&nbsp; &nbsp; &nbsp; &nbsp; &nbsp; &nbsp; &nbsp; &nbsp; &nbsp; &nbsp; &nbsp; Association culturelle suisse d&rsquo;a\u00efkido<\/span><br \/>\n<\/strong><\/p>\n<h2 style=\"text-align: left;\"><strong>NEWS<\/strong><\/h2>\n<p><span>Search for :<\/span><span style=\"display: none;background-image:url(https:\/\/www.aikikai.ch\/wp-content\/plugins\/add-search-to-menu\/public\/images\/spinner.gif);\"><\/span><span>Bouton de recherche<\/span><span><\/span><\/p>\n<h2><strong>\u00c9v\u00e9nements<\/strong><\/h2>\n<h2><strong>\u00c9v\u00e9nements<\/strong><\/h2>\n<h2 style=\"text-align: center;\"><strong>\u00c9v\u00e9nements de l&rsquo;ACSA<\/strong><\/h2>\n<h2 style=\"text-align: center;\"><strong>\u00c9v\u00e9nements de l&rsquo;ACSA<\/strong><\/h2>\n<h2 style=\"text-align: center;\"><strong>\u00c9v\u00e9nements pour les membres<\/strong><\/h2>\n<h2 style=\"text-align: center;\"><strong>\u00c9v\u00e9nements internationaux<\/strong><\/h2>\n<h2 style=\"text-align: center;\"><strong>\u00c9v\u00e9nements pour les membres<\/strong><\/h2>\n<h2 style=\"text-align: center;\"><strong>\u00c9v\u00e9nements internationaux<\/strong><\/h2>\n<\/p>\n<p><span><img decoding=\"async\" alt=\"\" data-id=\"64\" data-init-width=\"280\" data-init-height=\"280\" title=\"logoHD\" loading=\"lazy\" src=\"https:\/\/acsa.ch\/wp-content\/uploads\/2023\/06\/logoHD.png\" data-width=\"100\" style=\"aspect-ratio: auto 280 \/ 280;\" width=\"100\" height=\"100\" data-height=\"100\"><\/span><\/p>\n<p style=\"text-align: center; color: var(--tcb-color-6) !important; --tcb-applied-color: var$(--tcb-color-6) !important;\">ACSA Central OfficeCH-8307 <span style=\"--tcb-applied-color: var$(--tcb-color-6) !important;\">EffretikonT\u00e9l<\/span>. +41 79 414 83 47<\/p>\n<h4 style=\"text-align: center;\">Suivez-nous<\/h4>\n<p><a href=\"#\" target=\"_blank\" rel=\"nofollow\" data-id=\"icon-facebook\"><span>                     <\/span><\/a><a href=\"#\" target=\"_blank\" rel=\"nofollow\" data-id=\"icon-instagram\"><span>                     <\/span><\/a><a href=\"#\" target=\"_blank\" rel=\"nofollow\" data-dynamic-link=\"thrive_author_url\" data-shortcode-id=\"0\" data-id=\"icon-link\"><span> <!--! Font Awesome Pro 6.1.1 by @fontawesome - https:\/\/fontawesome.com License - https:\/\/fontawesome.com\/license (Commercial License) Copyright 2022 Fonticons, Inc. --><\/span><\/a><\/p>\n<p style=\"text-align: center;\">Copyright 2023 \u00a9 CKMP<\/p>\n","protected":false},"excerpt":{"rendered":"<p>AIKIKAI SUISSEACSA &nbsp; &nbsp; &nbsp; &nbsp; &nbsp; &nbsp; &nbsp; &nbsp; &nbsp; &nbsp; &nbsp; Association culturelle suisse d&rsquo;a\u00efkido NEWS Search for :Bouton de recherche \u00c9v\u00e9nements \u00c9v\u00e9nements \u00c9v\u00e9nements de l&rsquo;ACSA \u00c9v\u00e9nements de l&rsquo;ACSA \u00c9v\u00e9nements pour les membres \u00c9v\u00e9nements internationaux \u00c9v\u00e9nements pour les membres \u00c9v\u00e9nements internationaux ACSA Central OfficeCH-8307 EffretikonT\u00e9l. +41 79 414 83 47 Suivez-nous Copyright 2023 \u00a9 CKMP<\/p>\n","protected":false},"author":1,"featured_media":0,"parent":0,"menu_order":0,"comment_status":"closed","ping_status":"closed","template":"","meta":{"footnotes":""},"class_list":["post-3475","page","type-page","status-publish","hentry"],"acf":[],"_links":{"self":[{"href":"https:\/\/www.aikikai.ch\/fr\/wp-json\/wp\/v2\/pages\/3475","targetHints":{"allow":["GET"]}}],"collection":[{"href":"https:\/\/www.aikikai.ch\/fr\/wp-json\/wp\/v2\/pages"}],"about":[{"href":"https:\/\/www.aikikai.ch\/fr\/wp-json\/wp\/v2\/types\/page"}],"author":[{"embeddable":true,"href":"https:\/\/www.aikikai.ch\/fr\/wp-json\/wp\/v2\/users\/1"}],"replies":[{"embeddable":true,"href":"https:\/\/www.aikikai.ch\/fr\/wp-json\/wp\/v2\/comments?post=3475"}],"version-history":[{"count":9,"href":"https:\/\/www.aikikai.ch\/fr\/wp-json\/wp\/v2\/pages\/3475\/revisions"}],"predecessor-version":[{"id":5540,"href":"https:\/\/www.aikikai.ch\/fr\/wp-json\/wp\/v2\/pages\/3475\/revisions\/5540"}],"wp:attachment":[{"href":"https:\/\/www.aikikai.ch\/fr\/wp-json\/wp\/v2\/media?parent=3475"}],"curies":[{"name":"wp","href":"https:\/\/api.w.org\/{rel}","templated":true}]}}