{"id":3692,"date":"2023-11-07T12:52:45","date_gmt":"2023-11-07T12:52:45","guid":{"rendered":"https:\/\/www.aikikai.ch\/videos"},"modified":"2024-08-15T13:08:48","modified_gmt":"2024-08-15T13:08:48","slug":"video","status":"publish","type":"page","link":"https:\/\/www.aikikai.ch\/en\/video","title":{"rendered":"Video"},"content":{"rendered":"<p><span><img decoding=\"async\" alt=\"\" data-id=\"3781\" width=\"1000\" data-init-width=\"1000\" height=\"245\" data-init-height=\"245\" title=\"header_mobile_EN\" loading=\"lazy\" src=\"https:\/\/www.aikikai.ch\/wp-content\/uploads\/2024\/08\/header_mobile_EN.png\" data-width=\"1000\" data-height=\"245\" style=\"aspect-ratio: auto 1000 \/ 245;\"><\/span><span><a href=\"https:\/\/acsa.ch\/\"><img decoding=\"async\" alt=\"\" data-id=\"64\" width=\"129\" data-init-width=\"280\" height=\"129\" data-init-height=\"280\" title=\"logoHD\" loading=\"lazy\" src=\"https:\/\/acsa.ch\/wp-content\/uploads\/2023\/06\/logoHD.png\" data-width=\"129\" data-height=\"129\" style=\"aspect-ratio: auto 280 \/ 280;\" data-link-wrap=\"true\"><\/a><\/span><\/p>\n<p><span style=\"--tcb-applied-color: var$(--tcb-color-0) !important; color: var(--tcb-color-0) !important;\"><span>AIKIKAI SWITZERLAND ACSA<\/span><\/span><strong><span style=\"font-size: 24px !important; --tcb-applied-color: var$(--tcb-color-4) !important; color: var(--tcb-color-4) !important;\"><strong><span>&nbsp; &nbsp; &nbsp; &nbsp; &nbsp; &nbsp; &nbsp; &nbsp; &nbsp; &nbsp; &nbsp; &nbsp; &nbsp; &nbsp; &nbsp; &nbsp; &nbsp;Cultural Association of Switzerland for Aikido<\/span><\/strong><\/span><\/strong><\/p>\n<h2 style=\"text-align: left;\"><strong>NEWS<\/strong><\/h2>\n<p><span>Search for:<\/span><span style=\"display: none;background-image:url(https:\/\/www.aikikai.ch\/wp-content\/plugins\/add-search-to-menu\/public\/images\/spinner.gif);\" ><\/span><span>Search Button<\/span><span><\/span><\/p>\n<h2><strong>Video<\/strong><\/h2>\n<h2><strong>Video<\/strong><\/h2>\n<h2 style=\"text-align: center;\"><strong>Francesco Marrella<\/strong><strong>7. Dan<\/strong><strong><span style=\"font-size: 24px !important;\">Aikido Wohlen<\/span><\/strong><\/h2>\n<p style=\"text-align: center;\"><strong>Ikeda Gedenkstage 2023<\/strong><\/p>\n<h2 style=\"text-align: center;\"><strong>Eric Graf<\/strong><strong>6. Dan<\/strong><strong><span style=\"font-size: 24px !important;\">Dojo Biel<\/span><\/strong><\/h2>\n<p style=\"text-align: center;\"><strong><span style=\"font-size: 24px !important;\">Ikeda Gedenkstage 2023<\/span><\/strong><\/p>\n<h2 style=\"text-align: center;\"><strong>Therese Uhr<\/strong><strong>6. Dan<\/strong><strong><span style=\"font-size: 24px !important;\">Aikido Ikeda Dojo Z\u00fcrich<\/span><\/strong><\/h2>\n<p style=\"text-align: center;\"><strong><span style=\"font-size: 24px !important;\">Ikeda Gedenkstage 2023<\/span><\/strong><\/p>\n<h2 style=\"text-align: center;\"><strong>Jean Claude Aegerter<\/strong><strong>7. Dan<\/strong><strong><span style=\"font-size: 24px !important;\">Aikido Basel<\/span><\/strong><\/h2>\n<p style=\"text-align: center;\"><strong><span style=\"font-size: 24px !important;\">Ikeda Gedenkstage 2023<\/span><\/strong><\/p>\n<h2 style=\"text-align: center;\"><strong>Miroslav Smid<\/strong><strong>5. Dan<\/strong><strong><span style=\"font-size: 24px !important;\">Aikido Ikeda Dojo Beroun (Tschechien)<\/span><\/strong><\/h2>\n<p style=\"text-align: center;\"><strong><span style=\"font-size: 24px !important;\">Ikeda Gedenkstage 2023<\/span><\/strong><\/p>\n<h2 style=\"text-align: center;\"><strong>Lisa Heiz<\/strong><strong>6. Dan<\/strong><strong><span style=\"font-size: 24px !important;\">Aikido Schule SanShinKai Basel<\/span><\/strong><\/h2>\n<p style=\"text-align: center;\"><strong><span style=\"font-size: 24px !important;\">Ikeda Gedenkstage 2023<\/span><\/strong><\/p>\n<h2 style=\"text-align: center;\"><strong>Fritz Heuscher<\/strong><strong>7. Dan<\/strong><strong><span style=\"font-size: 24px !important;\">Aikido Schule Langenthal<\/span><\/strong><\/h2>\n<p style=\"text-align: center;\"><strong><span style=\"font-size: 24px !important;\">Ikeda Gedenkstage 2023<\/span><\/strong><\/p>\n<h2 style=\"text-align: center;\"><strong>Claudia Schiess<\/strong><strong>4. Dan<\/strong><strong><span style=\"font-size: 24px !important;\">Aikido Ikeda Dojo Z\u00fcrich, Embukai HOJO<\/span><\/strong><\/h2>\n<p style=\"text-align: center;\"><strong><span style=\"font-size: 24px !important;\">Ikeda Gedenkstage 2023<\/span><\/strong><\/p>\n<h2 style=\"text-align: center;\"><strong>St\u00e9phane Humbert<\/strong><strong>5. Dan<\/strong><strong><span style=\"font-size: 24px !important;\">Aikido Del\u00e9mont<\/span><\/strong><\/h2>\n<p style=\"text-align: center;\"><strong><span style=\"font-size: 24px !important;\">Ikeda Gedenkstage 2023<\/span><\/strong><\/p>\n<h2 style=\"text-align: center;\"><strong>Hansruedi Nef<\/strong><strong>6. Dan<\/strong><strong><span style=\"font-size: 24px !important;\">Aikido Ikeda Dojo Z\u00fcrich<\/span><\/strong><\/h2>\n<p style=\"text-align: center;\"><strong><span style=\"font-size: 24px !important;\">Ikeda Gedenkstage 2023<\/span><\/strong><\/p>\n<h2 style=\"text-align: center;\"><strong>Tatami Waza Drums<\/strong><strong><\/strong><strong><span style=\"font-size: 24px !important;\"><\/span><\/strong><\/h2>\n<p style=\"text-align: center;\"><strong><span style=\"font-size: 24px !important;\">Ikeda Gedenkstage 2023<\/span><\/strong><\/p>\n<\/p>\n<p><span><img decoding=\"async\" alt=\"\" data-id=\"64\" data-init-width=\"280\" data-init-height=\"280\" title=\"logoHD\" loading=\"lazy\" src=\"https:\/\/acsa.ch\/wp-content\/uploads\/2023\/06\/logoHD.png\" data-width=\"100\" style=\"aspect-ratio: auto 280 \/ 280;\" width=\"100\" height=\"100\" data-height=\"100\"><\/span><\/p>\n<p style=\"text-align: center; color: var(--tcb-color-6) !important; --tcb-applied-color: var$(--tcb-color-6) !important;\">ACSA Central OfficeCH-8307 <span style=\"--tcb-applied-color: var$(--tcb-color-6) !important;\">Effretikon<\/span>Tel. +41 79 414 83 47<\/p>\n<h4 style=\"text-align: center;\">Follow Us<\/h4>\n<p><a href=\"#\" target=\"_blank\" rel=\"nofollow noopener\" data-id=\"icon-facebook\"><span>                     <\/span><\/a><a href=\"#\" target=\"_blank\" rel=\"nofollow noopener\" data-id=\"icon-instagram\"><span>                     <\/span><\/a><a href=\"#\" target=\"_blank\" rel=\"nofollow noopener\" data-dynamic-link=\"thrive_author_url\" data-shortcode-id=\"0\" data-id=\"icon-link\"><span> <!--! Font Awesome Pro 6.1.1 by @fontawesome - https:\/\/fontawesome.com License - https:\/\/fontawesome.com\/license (Commercial License) Copyright 2022 Fonticons, Inc. --><\/span><\/a><\/p>\n<p style=\"text-align: center;\">Copyright 2023 \u00a9 CKMP<\/p>\n","protected":false},"excerpt":{"rendered":"<p>AIKIKAI SWITZERLAND ACSA&nbsp; &nbsp; &nbsp; &nbsp; &nbsp; &nbsp; &nbsp; &nbsp; &nbsp; &nbsp; &nbsp; &nbsp; &nbsp; &nbsp; &nbsp; &nbsp; &nbsp;Cultural Association of Switzerland for Aikido NEWS Search for:Search Button Video Video Francesco Marrella7. DanAikido Wohlen Ikeda Gedenkstage 2023 Eric Graf6. DanDojo Biel Ikeda Gedenkstage 2023 Therese Uhr6. DanAikido Ikeda Dojo Z\u00fcrich Ikeda Gedenkstage 2023 Jean Claude Aegerter7. DanAikido Basel Ikeda Gedenkstage 2023 Miroslav Smid5. DanAikido Ikeda Dojo Beroun (Tschechien) Ikeda Gedenkstage 2023 Lisa Heiz6. DanAikido Schule SanShinKai Basel Ikeda Gedenkstage 2023 Fritz Heuscher7. DanAikido Schule Langenthal Ikeda Gedenkstage 2023 Claudia Schiess4. DanAikido Ikeda Dojo Z\u00fcrich, Embukai HOJO Ikeda Gedenkstage 2023 St\u00e9phane Humbert5. DanAikido Del\u00e9mont Ikeda Gedenkstage 2023 Hansruedi Nef6. DanAikido Ikeda Dojo Z\u00fcrich Ikeda Gedenkstage 2023 Tatami Waza Drums Ikeda Gedenkstage 2023 ACSA Central OfficeCH-8307 EffretikonTel. +41 79 414 83 47 Follow Us Copyright 2023 \u00a9 CKMP<\/p>\n","protected":false},"author":1,"featured_media":0,"parent":0,"menu_order":0,"comment_status":"closed","ping_status":"closed","template":"","meta":{"footnotes":""},"class_list":["post-3692","page","type-page","status-publish","hentry"],"acf":[],"_links":{"self":[{"href":"https:\/\/www.aikikai.ch\/en\/wp-json\/wp\/v2\/pages\/3692","targetHints":{"allow":["GET"]}}],"collection":[{"href":"https:\/\/www.aikikai.ch\/en\/wp-json\/wp\/v2\/pages"}],"about":[{"href":"https:\/\/www.aikikai.ch\/en\/wp-json\/wp\/v2\/types\/page"}],"author":[{"embeddable":true,"href":"https:\/\/www.aikikai.ch\/en\/wp-json\/wp\/v2\/users\/1"}],"replies":[{"embeddable":true,"href":"https:\/\/www.aikikai.ch\/en\/wp-json\/wp\/v2\/comments?post=3692"}],"version-history":[{"count":5,"href":"https:\/\/www.aikikai.ch\/en\/wp-json\/wp\/v2\/pages\/3692\/revisions"}],"predecessor-version":[{"id":3959,"href":"https:\/\/www.aikikai.ch\/en\/wp-json\/wp\/v2\/pages\/3692\/revisions\/3959"}],"wp:attachment":[{"href":"https:\/\/www.aikikai.ch\/en\/wp-json\/wp\/v2\/media?parent=3692"}],"curies":[{"name":"wp","href":"https:\/\/api.w.org\/{rel}","templated":true}]}}