{"id":3563,"date":"2023-10-17T11:20:49","date_gmt":"2023-10-17T11:20:49","guid":{"rendered":"https:\/\/www.aikikai.ch\/praesidenten"},"modified":"2024-08-15T13:04:15","modified_gmt":"2024-08-15T13:04:15","slug":"presidents","status":"publish","type":"page","link":"https:\/\/www.aikikai.ch\/en\/presidents","title":{"rendered":"Presidents"},"content":{"rendered":"<p><span><img decoding=\"async\" alt=\"\" data-id=\"3781\" width=\"1000\" data-init-width=\"1000\" height=\"245\" data-init-height=\"245\" title=\"header_mobile_EN\" loading=\"lazy\" src=\"https:\/\/www.aikikai.ch\/wp-content\/uploads\/2024\/08\/header_mobile_EN.png\" data-width=\"1000\" data-height=\"245\" style=\"aspect-ratio: auto 1000 \/ 245;\"><\/span><span><a href=\"https:\/\/acsa.ch\/\"><img decoding=\"async\" alt=\"\" data-id=\"64\" width=\"129\" data-init-width=\"280\" height=\"129\" data-init-height=\"280\" title=\"logoHD\" loading=\"lazy\" src=\"https:\/\/acsa.ch\/wp-content\/uploads\/2023\/06\/logoHD.png\" data-width=\"129\" data-height=\"129\" style=\"aspect-ratio: auto 280 \/ 280;\" data-link-wrap=\"true\"><\/a><\/span><\/p>\n<p><span style=\"--tcb-applied-color: var$(--tcb-color-0) !important; color: var(--tcb-color-0) !important;\"><span>AIKIKAI SWITZERLAND ACSA<\/span><\/span><strong><span style=\"font-size: 24px !important; --tcb-applied-color: var$(--tcb-color-4) !important; color: var(--tcb-color-4) !important;\"><strong><span>&nbsp; &nbsp; &nbsp; &nbsp; &nbsp; &nbsp; &nbsp; &nbsp; &nbsp; &nbsp; &nbsp; &nbsp; &nbsp; &nbsp; &nbsp; &nbsp; &nbsp;Cultural Association of Switzerland for Aikido<\/span><\/strong><\/span><\/strong><\/p>\n<h2 style=\"text-align: left;\"><strong>NEWS<\/strong><\/h2>\n<p><span>Search for:<\/span><span style=\"display: none;background-image:url(https:\/\/www.aikikai.ch\/wp-content\/plugins\/add-search-to-menu\/public\/images\/spinner.gif);\" ><\/span><span>Search Button<\/span><span><\/span><\/p>\n<h2><strong>Presidents of the ACSA<\/strong><\/h2>\n<h2><strong>Presidents of the ACSA<\/strong><\/h2>\n<h2 style=\"text-align: left; color: var(--tcb-color-0) !important; --tcb-applied-color: var$(--tcb-color-0) !important;\"><strong>Foundation of the ACSA: 21.9.1969<\/strong><\/h2>\n<p>1<\/p>\n<p style=\"text-align: left;\"><strong><strong><strong>Fritz Heuscher&nbsp;<\/strong>(Langenthal)<\/strong><\/strong><\/p>\n<p style=\"\">13.05.2023 \u2013 today<\/p>\n<p><span><img decoding=\"async\" alt=\"\" data-id=\"217\" width=\"148\" data-init-width=\"1112\" height=\"185\" data-init-height=\"1390\" title=\"fritz_heuscher-de596a73e2d32f8g80cc30df2efc33b9@2x\" loading=\"lazy\" src=\"https:\/\/acsa.ch\/wp-content\/uploads\/2023\/07\/fritz_heuscher-de596a73e2d32f8g80cc30df2efc33b9@2x.jpg\" data-width=\"148\" data-height=\"185\" style=\"aspect-ratio: auto 1112 \/ 1390;\"><\/span>2<\/p>\n<p style=\"\"><strong><strong><strong>Hansruedi Nef&nbsp;<\/strong>(Z\u00fcrich)&nbsp;<\/strong><\/strong><\/p>\n<p style=\"\">24.05.2014 &#8211; 13.05.2023<\/p>\n<p>3<\/p>\n<p style=\"\"><strong><strong><strong>Werner Fl\u00fcckiger<\/strong>&nbsp;(Martigny)&nbsp;<\/strong><\/strong><\/p>\n<p style=\"\">22.03.2003 &#8211; 24.05.2014<\/p>\n<p>4<\/p>\n<p style=\"\"><strong><strong><strong>Sandra Keckeis<\/strong>&nbsp;(Onex)&nbsp;<\/strong><\/strong><\/p>\n<p style=\"\">24.11.84 &#8211; 22.11.86 25.3.2000 &#8211; 22.03.2003<\/p>\n<p>5<\/p>\n<p style=\"\"><strong><strong><strong>Urs Wilhelm<\/strong>&nbsp;(Wetzikon)&nbsp;<\/strong><\/strong><\/p>\n<p style=\"\">24.09.88 &#8211; 25.3.2000<\/p>\n<p>6<\/p>\n<p style=\"\"><strong><strong>Jean-Michel Inaebnit<\/strong> (La Chaux-de-Fonds)&nbsp;<\/strong><\/p>\n<p style=\"\">24.04.88 &#8211; 24.09.88<\/p>\n<p>7<\/p>\n<p style=\"\"><strong><strong><strong><strong>Helmut Gaisch<\/strong>&nbsp;(Neuch\u00e2tel)&nbsp;<\/strong><\/strong><\/strong><\/p>\n<p style=\"\">22.11.86 &#8211; 24.04.88&nbsp;<\/p>\n<p>8<\/p>\n<p style=\"\"><strong><strong><strong><strong>Werner Wey<\/strong>&nbsp;(Olympia Bern)&nbsp;&nbsp;<\/strong><\/strong><\/strong><\/p>\n<p style=\"\">24.11.84 &#8211; 22.11.86&nbsp;<\/p>\n<p>9<\/p>\n<p style=\"\"><strong><strong><strong><strong>Jakob Sp\u00e4lti<\/strong>&nbsp;(Aikikai Z\u00fcrich)&nbsp;<\/strong><\/strong><\/strong><\/p>\n<p style=\"\">29.11.80 &#8211; 24.11.84&nbsp;<\/p>\n<p>10<\/p>\n<p style=\"\"><strong><strong><strong><strong>Hans Illy&nbsp;<\/strong>(Aikikai Z\u00fcrich)&nbsp;&nbsp;<\/strong><\/strong><\/strong><\/p>\n<p style=\"\">24.11.74 &#8211; 29.11.80&nbsp;<\/p>\n<p>11<\/p>\n<p style=\"\"><strong><strong><strong><strong>Fredy Jacot<\/strong>&nbsp;(Aikikai Z\u00fcrich)&nbsp;&nbsp;<\/strong><\/strong><\/strong><\/p>\n<p style=\"\">21.09.69 &#8211; 24.11.74&nbsp;<\/p>\n<\/p>\n<p><span><img decoding=\"async\" alt=\"\" data-id=\"64\" data-init-width=\"280\" data-init-height=\"280\" title=\"logoHD\" loading=\"lazy\" src=\"https:\/\/acsa.ch\/wp-content\/uploads\/2023\/06\/logoHD.png\" data-width=\"100\" style=\"aspect-ratio: auto 280 \/ 280;\" width=\"100\" height=\"100\" data-height=\"100\"><\/span><\/p>\n<p style=\"text-align: center; color: var(--tcb-color-6) !important; --tcb-applied-color: var$(--tcb-color-6) !important;\">ACSA Central OfficeCH-8307 <span style=\"--tcb-applied-color: var$(--tcb-color-6) !important;\">Effretikon<\/span>Tel. +41 79 414 83 47<\/p>\n<h4 style=\"text-align: center;\">Follow Us<\/h4>\n<p><a href=\"#\" target=\"_blank\" rel=\"nofollow noopener\" data-id=\"icon-facebook\"><span>                     <\/span><\/a><a href=\"#\" target=\"_blank\" rel=\"nofollow noopener\" data-id=\"icon-instagram\"><span>                     <\/span><\/a><a href=\"#\" target=\"_blank\" rel=\"nofollow noopener\" data-dynamic-link=\"thrive_author_url\" data-shortcode-id=\"0\" data-id=\"icon-link\"><span> <!--! Font Awesome Pro 6.1.1 by @fontawesome - https:\/\/fontawesome.com License - https:\/\/fontawesome.com\/license (Commercial License) Copyright 2022 Fonticons, Inc. --><\/span><\/a><\/p>\n<p style=\"text-align: center;\">Copyright 2023 \u00a9 CKMP<\/p>\n","protected":false},"excerpt":{"rendered":"<p>AIKIKAI SWITZERLAND ACSA&nbsp; &nbsp; &nbsp; &nbsp; &nbsp; &nbsp; &nbsp; &nbsp; &nbsp; &nbsp; &nbsp; &nbsp; &nbsp; &nbsp; &nbsp; &nbsp; &nbsp;Cultural Association of Switzerland for Aikido NEWS Search for:Search Button Presidents of the ACSA Presidents of the ACSA Foundation of the ACSA: 21.9.1969 1 Fritz Heuscher&nbsp;(Langenthal) 13.05.2023 \u2013 today 2 Hansruedi Nef&nbsp;(Z\u00fcrich)&nbsp; 24.05.2014 &#8211; 13.05.2023 3 Werner Fl\u00fcckiger&nbsp;(Martigny)&nbsp; 22.03.2003 &#8211; 24.05.2014 4 Sandra Keckeis&nbsp;(Onex)&nbsp; 24.11.84 &#8211; 22.11.86 25.3.2000 &#8211; 22.03.2003 5 Urs Wilhelm&nbsp;(Wetzikon)&nbsp; 24.09.88 &#8211; 25.3.2000 6 Jean-Michel Inaebnit (La Chaux-de-Fonds)&nbsp; 24.04.88 &#8211; 24.09.88 7 Helmut Gaisch&nbsp;(Neuch\u00e2tel)&nbsp; 22.11.86 &#8211; 24.04.88&nbsp; 8 Werner Wey&nbsp;(Olympia Bern)&nbsp;&nbsp; 24.11.84 &#8211; 22.11.86&nbsp; 9 Jakob Sp\u00e4lti&nbsp;(Aikikai Z\u00fcrich)&nbsp; 29.11.80 &#8211; 24.11.84&nbsp; 10 Hans Illy&nbsp;(Aikikai Z\u00fcrich)&nbsp;&nbsp; 24.11.74 &#8211; 29.11.80&nbsp; 11 Fredy Jacot&nbsp;(Aikikai Z\u00fcrich)&nbsp;&nbsp; 21.09.69 &#8211; 24.11.74&nbsp; ACSA Central OfficeCH-8307 EffretikonTel. +41 79 414 83 47 Follow Us Copyright 2023 \u00a9 CKMP<\/p>\n","protected":false},"author":1,"featured_media":0,"parent":0,"menu_order":0,"comment_status":"closed","ping_status":"closed","template":"","meta":{"footnotes":""},"class_list":["post-3563","page","type-page","status-publish","hentry"],"acf":[],"_links":{"self":[{"href":"https:\/\/www.aikikai.ch\/en\/wp-json\/wp\/v2\/pages\/3563","targetHints":{"allow":["GET"]}}],"collection":[{"href":"https:\/\/www.aikikai.ch\/en\/wp-json\/wp\/v2\/pages"}],"about":[{"href":"https:\/\/www.aikikai.ch\/en\/wp-json\/wp\/v2\/types\/page"}],"author":[{"embeddable":true,"href":"https:\/\/www.aikikai.ch\/en\/wp-json\/wp\/v2\/users\/1"}],"replies":[{"embeddable":true,"href":"https:\/\/www.aikikai.ch\/en\/wp-json\/wp\/v2\/comments?post=3563"}],"version-history":[{"count":8,"href":"https:\/\/www.aikikai.ch\/en\/wp-json\/wp\/v2\/pages\/3563\/revisions"}],"predecessor-version":[{"id":3953,"href":"https:\/\/www.aikikai.ch\/en\/wp-json\/wp\/v2\/pages\/3563\/revisions\/3953"}],"wp:attachment":[{"href":"https:\/\/www.aikikai.ch\/en\/wp-json\/wp\/v2\/media?parent=3563"}],"curies":[{"name":"wp","href":"https:\/\/api.w.org\/{rel}","templated":true}]}}